{"id":107,"date":"2016-11-23T20:54:53","date_gmt":"2016-11-23T19:54:53","guid":{"rendered":"http:\/\/www.sweetbazl.cz\/?page_id=107"},"modified":"2016-11-23T21:57:02","modified_gmt":"2016-11-23T20:57:02","slug":"proc-pp","status":"publish","type":"page","link":"https:\/\/www.sweetbazl.cz\/?page_id=107","title":{"rendered":"pro\u010d PP?"},"content":{"rendered":"<p style=\"text-align: center;\"><strong><span class=\"_5yl5\">Pro\u010d PP ?<\/span><\/strong><\/p>\n<p style=\"text-align: center;\"><em>(Pr\u016fkaz p\u016fvodu)<\/em><\/p>\n<p><strong><span class=\"_5yl5\"> Na co mi je pr\u016fkaz p\u016fvodu??<\/span><\/strong><\/p>\n<p><em><span class=\"_5yl5\"> V\u017edy\u0165 j\u00e1 nechci chodit na v\u00fdstavy.<\/span><\/em><\/p>\n<p><span class=\"_5yl5\"><strong> \u00davodem n\u011bco tro\u0161ku jin\u00e9ho:<\/strong> Chcete si koupit nov\u00fd televizor, p\u0159em\u00fd\u0161l\u00edte o tom, kde ho koupit a jak\u00fd. V\u011bt\u0161ina z v\u00e1s se asi rozhodne zaj\u00edt do specializovan\u00e9ho obchodu s elektronikou, kde v\u00e1m porad\u00ed, prodaj\u00ed zna\u010dkov\u00fd televizor se z\u00e1rukou a v \u010dase z\u00e1ruky dostanete bezplatn\u00fd servis. <\/span><\/p>\n<p><span class=\"_5yl5\">Samoz\u0159ejm\u011b to nebude zadarmo a mus\u00edte po\u010d\u00edtat s jistou investic\u00ed, ale z televizoru se pravd\u011bpodobn\u011b budete dlouho t\u011b\u0161it a budete m\u00edt p\u0159esn\u011b to co jste cht\u011bli.<\/span><\/p>\n<p><span class=\"_5yl5\"> N\u011bkte\u0159\u00ed lid\u00e9 by se mohli rozhodnout koupit televizor od p\u0159ekupn\u00edka nebo n\u011bkde na burze, sice za mal\u00e9 pen\u00edze, ale s po\u0159\u00e1dn\u011b vysok\u00fdm rizikem. Mysl\u00edm, \u017ee pro v\u011bt\u0161inu lid\u00ed je samoz\u0159ejm\u00e9 kupovat si takov\u00e9to p\u0159edm\u011bty \u201eu specialisty\u201c a \u201es pap\u00edry\u201c.<\/span><\/p>\n<p><span class=\"_5yl5\"> U ps\u016f je to velmi, velmi podobn\u00e9, tak pro\u010d \u201epap\u00edry\u201c \u2013 tedy pr\u016fkaz p\u016fvodu psa \u2013 pro mnoho lid\u00ed nejsou z\u00e1kladn\u00ed podm\u00ednkou koup\u011b \u010distokrevn\u00e9ho psa? <\/span><\/p>\n<p><strong><span class=\"_5yl5\">Co je to vlastn\u011b ten \u201epr\u016fkaz p\u016fvodu\u201c?<\/span><\/strong><\/p>\n<p><span class=\"_5yl5\"> Je to n\u011bco jako v\u00e1\u0161 rodn\u00fd list. Je to listina vyd\u00e1na plemennou knihou ps\u016f. Je v n\u00ed uvedeno jm\u00e9no psa, chovatelsk\u00e1 stanice, pohlav\u00ed psa, druh srsti, \u010d\u00edslo tetov\u00e1n\u00ed, atd.. D\u016fle\u017eitou \u010d\u00e1st\u00ed je obvykle 4-genera\u010dn\u00ed rodokmen, z kter\u00e9ho vy\u010dtete p\u0159edky sv\u00e9ho \u0161t\u011bn\u011bte.Tak\u00e9 se do n\u011bj mohou zapisovat v\u00fdsledky na zkou\u0161k\u00e1ch a v\u00fdstav\u00e1ch.<\/span><\/p>\n<p><strong><span class=\"_5yl5\"> Co zaru\u010duje u psa \u201epr\u016fkaz p\u016fvodu\u201c?<\/span><\/strong><\/p>\n<p><span class=\"_5yl5\"> PP u psa je z\u00e1rukou ur\u010dit\u00fdch vlastnost\u00ed \u2013 zdravotn\u00edch, exteri\u00e9rov\u00fdch a povahov\u00fdch. P\u0159i chovu ps\u016f s PP se toto v\u0161e sleduje. <\/span><\/p>\n<p><span class=\"_5yl5\"><strong>Jak vznikaj\u00ed psi bez PP, tzv. \u201e\u010cistokrevn\u00fd pes bez PP\u201c?<\/strong> <\/span><\/p>\n<p><span class=\"_5yl5\">1. V nejlep\u0161\u00edm p\u0159\u00edpad\u011b majitel feny s PP z n\u011bjak\u00fdch p\u0159\u00ed\u010din neuchovn\u00ed fenu. Bu\u010fto z \u010dasov\u00fdch, finan\u010dn\u00edch nebo jin\u00fdch d\u016fvod\u016f, p\u0159\u00edpadn\u011b jen nevybav\u00ed pro \u0161t\u011b\u0148ata PP. V sou\u010dasnosti v\u011bt\u0161ina klub\u016f povoluje ponech\u00e1n\u00ed libovoln\u00e9ho po\u010dtu \u0161t\u011b\u0148at a v\u0161echna \u0161t\u011b\u0148ata PP dostanou, tak\u017ee slova \u201enem\u00e1 PP proto\u017ee byl posledn\u00ed z vrhu\u201c nemaj\u00ed opodstatn\u011bn\u00ed. Je ot\u00e1zkou co toho \u010dlov\u011bka k takov\u00e9mu \u201echovu\u201c vlastn\u011b vede.<\/span><\/p>\n<p><span class=\"_5yl5\"> 2. Fenka m\u016f\u017ee m\u00edt n\u011bjakou z chovu vylu\u010duj\u00edc\u00ed vadu, ale majitel ji p\u0159esto d\u00e1 nakr\u00fdt. \u0160t\u011b\u0148ata z takov\u00e9ho kryt\u00ed u\u017e pr\u016fkaz p\u016fvodu dostat nemohou. Samoz\u0159ejm\u011b \u0161t\u011b\u0148\u00e1tka z takov\u00e9ho spojen\u00ed nemus\u00ed odpov\u00eddat standardu a je mo\u017en\u00e9, \u017ee budou m\u00edt n\u011bjak\u00fd d\u011bdi\u010dn\u00fd zdravotn\u00ed probl\u00e9m (nap\u0159. dysplazie, probl\u00e9m s jin\u00fdmi klouby, probl\u00e9m s p\u00e1te\u0159\u00ed, hluchota, o\u010dn\u00ed probl\u00e9my atd.), kter\u00fd se v chovech s PP sleduje. Posti\u017een\u00ed jedinci se z chovu s PP vy\u0159azuj\u00ed.<\/span><\/p>\n<p><span class=\"_5yl5\"> 3. N\u011bkdy jde o fenku k\u0159\u00ed\u017eence, kter\u00e1 je nakryta rasou na kterou se nejv\u00edce podob\u00e1. V takov\u00e9m p\u0159\u00edpad\u011b \u0161t\u011b\u0148\u00e1tko rovn\u011b\u017e rodokmen z\u00edskat nemohou. Kr\u00e1sn\u00e1 \u201e\u0161t\u011b\u0148\u00e1tka bez PP\u201c se n\u00e1m b\u011bhem sv\u00e9ho r\u016fstu p\u0159ed o\u010dima mohou zm\u011bnit z plemene, kter\u00e9 m\u00e1 b\u00fdt kr\u00e1tkosrst\u00e9 na dlouhosrst\u00e9ho psa, p\u0159\u00edpadn\u011b plemeno kr\u00e1tkonoh\u00e9 na dlouhonoh\u00e9, \u00fapln\u011b jin\u00e9 barvy atd.. <\/span><\/p>\n<p style=\"text-align: center;\"><strong><em><span class=\"_5yl5\">Vzpome\u0148me si je\u0161t\u011b na \u201emno\u017eitele\u201c, kte\u0159\u00ed chovaj\u00ed psy jen kv\u016fli zisku. Ti je \u010dasto dr\u017e\u00ed ve velmi \u0161patn\u00fdch podm\u00ednk\u00e1ch. Kdy\u017e kupujete \u0161t\u011bn\u011b, trvejte na tom, \u017ee chcete vid\u011bt matku a m\u00edsto, kde jsou psi dr\u017eeni. Pokud v\u00e1m chovatel jen p\u0159inese uk\u00e1zat \u0161t\u011bn\u011b, je to podez\u0159el\u00e9. Tak\u00e9 trvejte na tom, aby v\u00e1m chovatel dal kupn\u00ed smlouvu!!!<\/span><\/em><\/strong><\/p>\n<p><span class=\"_5yl5\"><strong> Nechcete chodit na v\u00fdstavy ani odchov\u00e1vat \u0161t\u011b\u0148ata? Tak na\u010d PP?<\/strong> <\/span><\/p>\n<p><span class=\"_5yl5\">PP v\u00e1s nezavazuje k chozen\u00ed na v\u00fdstavy. Je to doklad, kter\u00fd m\u016f\u017eete odlo\u017eit a nikdy v\u00edc nevyt\u00e1hnout, ale je to z\u00e1ruka vlastnost\u00ed \u0161t\u011b\u0148\u00e1tka. Zaru\u010duje v\u00e1m exteri\u00e9r a povahov\u00e9 vlastnosti v\u00e1mi zvolen\u00e9ho plemene.<\/span><\/p>\n<p><span class=\"_5yl5\"><strong> Pro\u010d je pes bez PP levn\u011bj\u0161\u00ed?<\/strong> <\/span><\/p>\n<p><span class=\"_5yl5\">Psi s PP jsou dra\u017e\u0161\u00ed, proto\u017ee procedury s uchovn\u011bn\u00edm psa\/feny, kryt\u00ed, registrace chovatelsk\u00e9 stanice, vystaven\u00ed pr\u016fkazu p\u016fvodu atd.. p\u0159edstavuje pro chovatele ur\u010dit\u00e9 n\u00e1klady. Z\u00e1rove\u0148 si pejska kupujete s tzv.. ochrannou zn\u00e1mkou, kter\u00e1 v\u00e1m zaru\u010duje u\u017e zmi\u0148ovan\u00fd exteri\u00e9r a povahu. Seri\u00f3zn\u00ed chovatel v\u00e1m dokonce m\u016f\u017ee vr\u00e1tit pen\u00edze, p\u0159\u00edpadn\u011b poskytne \u0161t\u011bn\u011b z dal\u0161\u00edho kryt\u00ed, pokud se zjist\u00ed \u017ee \u0161t\u011b\u0148\u00e1tku nap\u0159.. nevyrostl jeden zub a jin\u00e9. Exteri\u00e9rov\u00e9 a povahov\u00e9 vady ani zde nelze zcela vylou\u010dit, jsou v\u0161ak ojedin\u011bl\u00e9. <\/span><\/p>\n<p><span class=\"_5yl5\">Pokud n\u00e1hodou natref\u00edte na chovatele neseri\u00f3zn\u00edho, je mo\u017en\u00e9 se na n\u011bj v chovatelsk\u00e9m klubu st\u011b\u017eovat, u psa bez PP tuto mo\u017enost nem\u00e1te. <\/span><\/p>\n<blockquote>\n<p style=\"text-align: center;\"><em><span class=\"_5yl5\"><strong>Uv\u011bdomme si v\u0161ak tak\u00e9, \u017ee pes vy\u017eaduje p\u00e9\u010di po cel\u00fd sv\u016fj \u017eivot \u2013 10-18 let. Cena \u0161t\u011bn\u011bte, jak\u00e9koliv v\u00fd\u0161ky, bude vedle t\u011bchto n\u00e1klad\u016f pouze zanedbatelnou polo\u017ekou.<\/strong> <\/span><\/em><\/p>\n<\/blockquote>\n<p><span class=\"_5yl5\"><strong>Co je to chovatel a co je chovn\u00fd pes?<\/strong> <\/span><\/p>\n<p><span class=\"_5yl5\">Chovatel ps\u016f s PP je \u010dlenem chovatelsk\u00e9ho klubu dan\u00e9ho plemene, kter\u00fd na \u010dinnost chovatel\u016f dohl\u00ed\u017e\u00ed. Chovn\u00ed jedinci mus\u00ed splnit, podle p\u0159\u00edslu\u0161nosti k plemeni, ur\u010dit\u00e1 krit\u00e9ria. N\u011bkter\u00fdm plemen\u016fm sta\u010d\u00ed posouzen\u00ed exteri\u00e9ru p\u0159i \u010dem\u017e se z\u00e1rove\u0148 posoud\u00ed povaha, jin\u00e9 mus\u00ed splnit i p\u0159edepsanou zkou\u0161ku (a\u0165 u\u017e loveckou, pracovn\u00ed nebo jinou, kter\u00e1 je tak\u00e9 testem povahy psa), nebo se posoud\u00ed povaha psa \u201especi\u00e1ln\u00ed\u201c zkou\u0161kou na bonitaci. (bonitace \u2013 za\u0159azov\u00e1n\u00ed ps\u016f do chovu, kde se posuzuje exteri\u00e9r a povaha psa)<\/span><\/p>\n<p style=\"text-align: center;\"><span class=\"_5yl5\"><em> Nezapome\u0148me na fakt, \u017ee plemeno se lety m\u011bn\u00ed a formuje. Ne v\u0161ak samo od sebe, m\u011bn\u00ed ho \u010dlov\u011bk sv\u00fdmi n\u00e1roky a po\u017eadavky. V sou\u010dasnosti se diskutuje o \u201enebezpe\u010dn\u00fdch psech\u201c. Pes jak\u00e9hokoliv plemene, kter\u00fd se bezd\u016fvodn\u011b projevuje agresivn\u011b v\u016f\u010di lidem nebo jin\u00fdm ps\u016fm, nebo je naopak velmi b\u00e1zliv\u00fd, nen\u00ed do chovu za\u0159azen.<\/em> <\/span><\/p>\n<p><span class=\"_5yl5\"><strong>Kdo kontroluje chovatele ps\u016f S PP?<\/strong> <\/span><\/p>\n<p><span class=\"_5yl5\">Na \u010dinnost chovatele ps\u016f s PP dohl\u00ed\u017e\u00ed chovatelsk\u00fd klub. Chovatel je v n\u011bm registrovan\u00fd a mus\u00ed se \u0159\u00eddit chovatelsk\u00fdm \u0159\u00e1dem a dodr\u017eovat chovatelskou etiku.V chovatelsk\u00e9m klubu m\u00e1te mo\u017enost si na chovatele st\u011b\u017eovat, pokud se zachov\u00e1 neeticky nebo poru\u0161\u00ed chovatelsk\u00fd \u0159\u00e1d, a klub ho m\u016f\u017ee postihnout, odebrat mu licenci a \u0161t\u011b\u0148ata s PP u\u017e odchov\u00e1vat nebude moci. <\/span><\/p>\n<p><span class=\"_5yl5\"><strong>Kdo kontroluje chovatele ps\u016f BEZ PP?<\/strong> <\/span><\/p>\n<p><span class=\"_5yl5\">Nikdo. Tito lid\u00e9 se naz\u00fdvaj\u00ed mno\u017eitel\u00e9, proto\u017ee nemaj\u00ed chovatelsk\u00fd z\u00e1m\u011br, ale pouze psi rozmno\u017euj\u00ed. Pokud produkuj\u00ed psy nemocn\u00e9, vadn\u00e9, s d\u011bdi\u010dn\u00fdmi vadami, dokonce velmi t\u011b\u017ek\u00fdmi \u2013 nikdo jim v tom nedok\u00e1\u017ee zabr\u00e1nit, a pokud si takov\u00e9ho psa koup\u00edte, nem\u00e1te mo\u017enost si nikde st\u011b\u017eovat, pen\u00edze v\u00e1m nikdo nevr\u00e1t\u00ed. Psi bez PP mohou b\u00fdt z velmi \u00fazk\u00e9 p\u0159\u00edbuzensk\u00e9 plemenitby, proto\u017ee jejich p\u0159edkov\u00e9 jsou nezn\u00e1m\u00ed. Je velmi pravd\u011bpodobn\u00e9 \u017ee se v takov\u00fdch vrz\u00edch objev\u00ed vady (p\u0159edkov\u00e9 nebyli p\u0159ece nijak sledovan\u00ed). Mno\u017eitel\u00e9 ned\u011blaj\u00ed nic, co by bylo v rozporu se z\u00e1konem, i kdyby c\u00edlen\u011b produkovali psy s d\u011bdi\u010dnou vadou. <\/span><\/p>\n<p style=\"text-align: center;\"><em><span class=\"_5yl5\"><strong>Hodnota psa bez PP = hodnot\u011b k\u0159\u00ed\u017eence, tedy pokud si koup\u00edte psa bez PP, koupili jste si pom\u011brn\u011b drah\u00e9ho k\u0159\u00ed\u017eence.<\/strong> <\/span><\/em><\/p>\n<p><strong><span class=\"_5yl5\">Nez\u00e1le\u017e\u00ed V\u00e1m na PP, ani na tom, zda v\u00e1\u0161 pes bude odpov\u00eddat n\u011bjak\u00e9mu standardu?<\/span><\/strong><\/p>\n<p><span class=\"_5yl5\"> Vemte si psa z \u00fatulku! Pokud jste se v p\u0159edchoz\u00edch \u0159\u00e1dc\u00edch nena\u0161li a skute\u010dn\u011b v\u00e1m nez\u00e1le\u017e\u00ed na zmi\u0148ovan\u00fdch v\u00fdhod\u00e1ch, kter\u00e9 v\u00e1m poskytuje PP, nebo kynologick\u00e9 svazy, m\u00e1me pro v\u00e1s typ na ps\u00edka. Poskytn\u011bte domov pejskovi z \u00fatulku \u2013 ty jsou pln\u00e9 opu\u0161t\u011bn\u00fdch pejsk\u016f \u010dekaj\u00edc\u00edch na nov\u00e9ho majitele. M\u016f\u017eete si vybrat \u0161t\u011b\u0148\u00e1tko, nebo i dosp\u011bl\u00e9ho psa. Ur\u010dit\u011b v tom mno\u017estv\u00ed pejsk\u016f najdete toho sv\u00e9ho: s velk\u00fdmi o\u010diskama, kr\u00e1sn\u00fdm ko\u017e\u00ed\u0161kem, \u010di \u0161pi\u010dat\u00fdm \u010dum\u00e1\u010dkem. Sv\u016fj \u017eivot napln\u00edte a \u201ejeho\u201c \u017eivot zachr\u00e1n\u00edte. Psi z \u00fatulku b\u00fdvaj\u00ed velmi mil\u00fd a vd\u011b\u010dn\u00ed za to, \u017ee se jich n\u011bkdo ujal a m\u00e1 je r\u00e1d. <\/span><\/p>\n<p style=\"text-align: center;\"><span class=\"_5yl5\"><strong>Pros\u00edm, kupujte jen psy s PP, nebo pomozte n\u011bjak\u00e9mu ne\u0161\u0165astn\u00edkovi z \u00fatulku!!!<\/strong> <\/span><\/p>\n<p><em><span class=\"_5yl5\">\u00a9 Bibi\u00e1na Ko\u0161\u00e1riov\u00e1 a Adriana Ladick\u00e1. Tento \u010dl\u00e1nok je vo\u013ene kop\u00edrovate\u013en\u00fd na \u00fa\u010dely osvety vo veci Preukaz o p\u00f4vode psa. Bude ma te\u0161i\u0165, ak tento \u010dl\u00e1nok uverejnia na svojich str\u00e1nkach aj in\u00fd chovatelia in\u00fdch plemien.<\/span><\/em><\/p>\n","protected":false},"excerpt":{"rendered":"<p>Pro\u010d PP ? (Pr\u016fkaz p\u016fvodu) Na co mi je pr\u016fkaz p\u016fvodu?? V\u017edy\u0165 j\u00e1 nechci chodit na v\u00fdstavy. \u00davodem n\u011bco tro\u0161ku jin\u00e9ho: Chcete si koupit nov\u00fd televizor, p\u0159em\u00fd\u0161l\u00edte o tom, kde ho koupit a jak\u00fd. V\u011bt\u0161ina z v\u00e1s se asi rozhodne zaj\u00edt do specializovan\u00e9ho obchodu s elektronikou, kde v\u00e1m porad\u00ed, prodaj\u00ed zna\u010dkov\u00fd televizor se z\u00e1rukou a<span class=\"excerpt-ellipsis\">&#8230;<\/span><\/p>\n<p><a class=\"more-link\" href=\"https:\/\/www.sweetbazl.cz\/?page_id=107\" itemprop=\"url\">Continue Reading<\/a><\/p>\n","protected":false},"author":1,"featured_media":0,"parent":0,"menu_order":0,"comment_status":"closed","ping_status":"closed","template":"","meta":[],"_links":{"self":[{"href":"https:\/\/www.sweetbazl.cz\/index.php?rest_route=\/wp\/v2\/pages\/107"}],"collection":[{"href":"https:\/\/www.sweetbazl.cz\/index.php?rest_route=\/wp\/v2\/pages"}],"about":[{"href":"https:\/\/www.sweetbazl.cz\/index.php?rest_route=\/wp\/v2\/types\/page"}],"author":[{"embeddable":true,"href":"https:\/\/www.sweetbazl.cz\/index.php?rest_route=\/wp\/v2\/users\/1"}],"replies":[{"embeddable":true,"href":"https:\/\/www.sweetbazl.cz\/index.php?rest_route=%2Fwp%2Fv2%2Fcomments&post=107"}],"version-history":[{"count":3,"href":"https:\/\/www.sweetbazl.cz\/index.php?rest_route=\/wp\/v2\/pages\/107\/revisions"}],"predecessor-version":[{"id":110,"href":"https:\/\/www.sweetbazl.cz\/index.php?rest_route=\/wp\/v2\/pages\/107\/revisions\/110"}],"wp:attachment":[{"href":"https:\/\/www.sweetbazl.cz\/index.php?rest_route=%2Fwp%2Fv2%2Fmedia&parent=107"}],"curies":[{"name":"wp","href":"https:\/\/api.w.org\/{rel}","templated":true}]}}