{"id":139,"date":"2017-05-02T20:02:33","date_gmt":"2017-05-02T18:02:33","guid":{"rendered":"http:\/\/www.sweetbazl.cz\/?page_id=139"},"modified":"2025-12-12T19:56:37","modified_gmt":"2025-12-12T18:56:37","slug":"aktualne","status":"publish","type":"page","link":"https:\/\/www.sweetbazl.cz\/?page_id=139","title":{"rendered":"Aktu\u00e1ln\u011b"},"content":{"rendered":"<h3 style=\"text-align: center;\"><\/h3>\n<h2 style=\"text-align: center;\"><span style=\"color: #ff0000;\">Info pro z\u00e1jemce v roce 2025<\/span><span style=\"color: #ff0000;\"><strong>\u00a0<\/strong><\/span><\/h2>\n<p data-start=\"97\" data-end=\"136\">\ud83c\udf84 <strong data-start=\"100\" data-end=\"131\">Kr\u00e1sn\u00e9 V\u00e1noce od Sweet Bazl<\/strong> \ud83c\udf84<\/p>\n<p data-start=\"138\" data-end=\"345\">V\u0161em na\u0161im p\u0159\u00e1tel\u016fm, majitel\u016fm na\u0161ich \u0161t\u011b\u0148\u00e1tek i n\u00e1v\u0161t\u011bvn\u00edk\u016fm webu p\u0159ejeme klidn\u00e9, kouzeln\u00e9 a l\u00e1skou napln\u011bn\u00e9 V\u00e1noce a do nov\u00e9ho roku hlavn\u011b zdrav\u00ed, pohodu a spoustu spole\u010dn\u00fdch chvil se \u010dty\u0159noh\u00fdmi par\u0165\u00e1ky.<\/p>\n<p data-start=\"347\" data-end=\"446\">V\u0161echna leto\u0161n\u00ed \u0161t\u011b\u0148\u00e1tka u\u017e na\u0161la sv\u00e9 miluj\u00edc\u00ed domovy a d\u011blaj\u00ed radost ve sv\u00fdch nov\u00fdch rodin\u00e1ch \u2764\ufe0f<\/p>\n<p data-start=\"448\" data-end=\"589\">Na <strong data-start=\"451\" data-end=\"463\">rok 2026<\/strong> pl\u00e1nujeme <strong data-start=\"474\" data-end=\"505\">\u0161t\u011b\u0148\u00e1tka anglick\u00e9ho buldoka<\/strong>. Pokud v\u00e1s n\u00e1\u0161 chov zaj\u00edm\u00e1, sledujte na\u0161e str\u00e1nky nebo n\u00e1s nev\u00e1hejte kontaktovat.<\/p>\n<p style=\"text-align: center;\" data-start=\"591\" data-end=\"650\">D\u011bkujeme za va\u0161i p\u0159\u00edze\u0148 a podporu.<br data-start=\"625\" data-end=\"628\" \/>Va\u0161e <strong data-start=\"633\" data-end=\"647\">Sweet Bazl<\/strong> \ud83d\udc3e<\/p>\n<p data-start=\"591\" data-end=\"650\"><a href=\"http:\/\/www.sweetbazl.cz\/wp-content\/uploads\/2025\/12\/vanoce.jpeg\"><img decoding=\"async\" loading=\"lazy\" class=\"size-large wp-image-579 aligncenter\" src=\"http:\/\/www.sweetbazl.cz\/wp-content\/uploads\/2025\/12\/vanoce-683x1024.jpeg\" alt=\"\" width=\"683\" height=\"1024\" srcset=\"https:\/\/www.sweetbazl.cz\/wp-content\/uploads\/2025\/12\/vanoce-683x1024.jpeg 683w, https:\/\/www.sweetbazl.cz\/wp-content\/uploads\/2025\/12\/vanoce-200x300.jpeg 200w, https:\/\/www.sweetbazl.cz\/wp-content\/uploads\/2025\/12\/vanoce-768x1152.jpeg 768w, https:\/\/www.sweetbazl.cz\/wp-content\/uploads\/2025\/12\/vanoce.jpeg 800w\" sizes=\"(max-width: 683px) 100vw, 683px\" \/><\/a><\/p>\n<h3 data-start=\"94\" data-end=\"140\">\ud83d\udc3e Vrh <strong data-start=\"105\" data-end=\"113\">E<\/strong>\u00a0\u2013 Bernsk\u00fd sala\u0161nick\u00fd pes<\/h3>\n<p data-start=\"141\" data-end=\"218\"><strong data-start=\"141\" data-end=\"160\">Datum narozen\u00ed:<\/strong> 27. 10. 2025<br data-start=\"173\" data-end=\"176\" \/><strong data-start=\"176\" data-end=\"193\">Slo\u017een\u00ed vrhu:<\/strong> 5 hol\u010di\u010dek a 5 chlape\u010dk\u016f<\/p>\n<p data-start=\"220\" data-end=\"565\">S radost\u00ed p\u0159edstavujeme n\u00e1\u0161 bohat\u00fd a vyrovnan\u00fd vrh bernsk\u00fdch sala\u0161nick\u00fdch pejsk\u016f.<br data-start=\"301\" data-end=\"304\" \/>Maminkou je na\u0161e jemn\u00e1 a pe\u010duj\u00edc\u00ed fenka <strong data-start=\"344\" data-end=\"378\">Unique Jasmine Carallsa \u2013 Bibi<\/strong>, kter\u00e1 od prvn\u00edho dne o miminka uk\u00e1zkov\u011b pe\u010duje.<br data-start=\"427\" data-end=\"430\" \/>Tat\u00ednkem vrhu je kr\u00e1sn\u00fd a vyrovnan\u00fd pes <strong data-start=\"470\" data-end=\"499\">Anakin Carallsa \u2013 Bed\u0159ich<\/strong>, se kter\u00fdm tvo\u0159\u00ed skv\u011blou kombinaci po str\u00e1nce povahy i exteri\u00e9ru<\/p>\n<p data-start=\"709\" data-end=\"778\">\n<div class=\"html-div xdj266r x14z9mp xat24cr x1lziwak xexx8yu xyri2b x18d9i69 x1c1uobl\" dir=\"auto\">\n<div class=\"html-div xdj266r x14z9mp xat24cr x1lziwak xexx8yu xyri2b x18d9i69 x1c1uobl\" data-ad-rendering-role=\"story_message\">\n<div id=\"_r_9o_\" class=\"x1l90r2v x1iorvi4 x1g0dm76 xpdmqnj\" data-ad-comet-preview=\"message\" data-ad-preview=\"message\">\n<div class=\"x78zum5 xdt5ytf xz62fqu x16ldp7u\">\n<div class=\"xu06os2 x1ok221b\">\n<div class=\"html-div xdj266r x14z9mp xat24cr x1lziwak xexx8yu xyri2b x18d9i69 x1c1uobl\">\n<div class=\"xdj266r x14z9mp xat24cr x1lziwak x1vvkbs x126k92a\">\n<div dir=\"auto\" style=\"text-align: center;\"><strong>V\u0161echna \u0161t\u011b\u0148\u00e1tka jsou rezervov\u00e1na<\/strong><\/div>\n<\/div>\n<\/div>\n<\/div>\n<\/div>\n<\/div>\n<\/div>\n<\/div>\n<p data-start=\"709\" data-end=\"778\">\n<h3 data-start=\"129\" data-end=\"162\">\ud83d\udc3e Vrh \u201eN\u201c \u2013 Boston Terrier<\/h3>\n<p data-start=\"163\" data-end=\"236\"><strong data-start=\"163\" data-end=\"182\">Datum narozen\u00ed:<\/strong> 19. 10. 2025<br data-start=\"195\" data-end=\"198\" \/><strong data-start=\"198\" data-end=\"215\">Slo\u017een\u00ed vrhu:<\/strong> 1 hol\u010di\u010dka a 4 kluci<\/p>\n<p data-start=\"238\" data-end=\"502\">S radost\u00ed p\u0159edstavujeme n\u00e1\u0161 podzimn\u00ed vrh bostonsk\u00fdch teri\u00e9r\u016f.<br data-start=\"299\" data-end=\"302\" \/>Maminkou je <strong data-start=\"314\" data-end=\"347\">Jalape\u00f1os Sweet Bazl \u2013 Chilli<\/strong>, miluj\u00edc\u00ed a vyrovnan\u00e1 fenka s \u00fa\u017easnou povahou.<br data-start=\"394\" data-end=\"397\" \/>Tat\u00ednkem se stal <strong data-start=\"414\" data-end=\"447\">Heartily Knockout \u2013 Bucif\u00e1lek<\/strong>, pes s kr\u00e1snou stavbou t\u011bla a skv\u011bl\u00fdm temperamentem.<\/p>\n<p data-start=\"640\" data-end=\"718\">\u0160t\u011b\u0148\u00e1tka bostonk\u016f, jsou ji\u017e zamluven\u00e1.<\/p>\n<p data-start=\"640\" data-end=\"718\"><a href=\"http:\/\/www.sweetbazl.cz\/wp-content\/uploads\/2025\/11\/IMG_9002-scaled.jpg\"><img decoding=\"async\" loading=\"lazy\" class=\"alignnone size-large wp-image-561\" src=\"http:\/\/www.sweetbazl.cz\/wp-content\/uploads\/2025\/11\/IMG_9002-1024x439.jpg\" alt=\"\" width=\"1024\" height=\"439\" srcset=\"https:\/\/www.sweetbazl.cz\/wp-content\/uploads\/2025\/11\/IMG_9002-1024x439.jpg 1024w, https:\/\/www.sweetbazl.cz\/wp-content\/uploads\/2025\/11\/IMG_9002-300x129.jpg 300w, https:\/\/www.sweetbazl.cz\/wp-content\/uploads\/2025\/11\/IMG_9002-768x329.jpg 768w, https:\/\/www.sweetbazl.cz\/wp-content\/uploads\/2025\/11\/IMG_9002-1536x658.jpg 1536w, https:\/\/www.sweetbazl.cz\/wp-content\/uploads\/2025\/11\/IMG_9002-2048x878.jpg 2048w, https:\/\/www.sweetbazl.cz\/wp-content\/uploads\/2025\/11\/IMG_9002-1140x489.jpg 1140w\" sizes=\"(max-width: 1024px) 100vw, 1024px\" \/><\/a><\/p>\n<p data-start=\"709\" data-end=\"778\">\n<p data-start=\"640\" data-end=\"718\">\n<p><a href=\"http:\/\/www.sweetbazl.cz\/wp-content\/uploads\/2017\/05\/IMG_3729.jpg\"><img decoding=\"async\" loading=\"lazy\" class=\" wp-image-466 aligncenter\" src=\"http:\/\/www.sweetbazl.cz\/wp-content\/uploads\/2017\/05\/IMG_3729-300x251.jpg\" alt=\"IMG_3729\" width=\"234\" height=\"196\" srcset=\"https:\/\/www.sweetbazl.cz\/wp-content\/uploads\/2017\/05\/IMG_3729-300x251.jpg 300w, https:\/\/www.sweetbazl.cz\/wp-content\/uploads\/2017\/05\/IMG_3729-768x644.jpg 768w, https:\/\/www.sweetbazl.cz\/wp-content\/uploads\/2017\/05\/IMG_3729-1024x858.jpg 1024w, https:\/\/www.sweetbazl.cz\/wp-content\/uploads\/2017\/05\/IMG_3729-1140x955.jpg 1140w\" sizes=\"(max-width: 234px) 100vw, 234px\" \/><\/a><\/p>\n<p style=\"text-align: center;\"><a href=\"http:\/\/www.sweetbazl.cz\/wp-content\/uploads\/2017\/05\/IMG_20230311_154521.jpg\">\u00a0<\/a>V\u00edce na sweetbazl@seznam.cz nebo 605219797- m\u016f\u017eete pou\u017e\u00edt whatsap<\/p>\n<p style=\"text-align: center;\"><a href=\"https:\/\/www.facebook.com\/profile.php?id=100081590363928\">https:\/\/www.facebook.com\/profile.php?id=100081590363928<\/a><\/p>\n<p style=\"text-align: center;\"><a href=\"http:\/\/www.sweetbazl.cz\/wp-content\/uploads\/2017\/05\/DSCN4628_Fotor.jpg\"><img decoding=\"async\" loading=\"lazy\" class=\"alignnone size-full wp-image-140\" src=\"http:\/\/www.sweetbazl.cz\/wp-content\/uploads\/2017\/05\/DSCN4628_Fotor.jpg\" alt=\"DSCN4628_Fotor\" width=\"4388\" height=\"1603\" srcset=\"https:\/\/www.sweetbazl.cz\/wp-content\/uploads\/2017\/05\/DSCN4628_Fotor.jpg 4388w, https:\/\/www.sweetbazl.cz\/wp-content\/uploads\/2017\/05\/DSCN4628_Fotor-300x110.jpg 300w, https:\/\/www.sweetbazl.cz\/wp-content\/uploads\/2017\/05\/DSCN4628_Fotor-768x281.jpg 768w, https:\/\/www.sweetbazl.cz\/wp-content\/uploads\/2017\/05\/DSCN4628_Fotor-1024x374.jpg 1024w, https:\/\/www.sweetbazl.cz\/wp-content\/uploads\/2017\/05\/DSCN4628_Fotor-1140x416.jpg 1140w\" sizes=\"(max-width: 4388px) 100vw, 4388px\" \/><\/a><\/p>\n","protected":false},"excerpt":{"rendered":"<p>Info pro z\u00e1jemce v roce 2025\u00a0 \ud83c\udf84 Kr\u00e1sn\u00e9 V\u00e1noce od Sweet Bazl \ud83c\udf84 V\u0161em na\u0161im p\u0159\u00e1tel\u016fm, majitel\u016fm na\u0161ich \u0161t\u011b\u0148\u00e1tek i n\u00e1v\u0161t\u011bvn\u00edk\u016fm webu p\u0159ejeme klidn\u00e9, kouzeln\u00e9 a l\u00e1skou napln\u011bn\u00e9 V\u00e1noce a do nov\u00e9ho roku hlavn\u011b zdrav\u00ed, pohodu a spoustu spole\u010dn\u00fdch chvil se \u010dty\u0159noh\u00fdmi par\u0165\u00e1ky. V\u0161echna leto\u0161n\u00ed \u0161t\u011b\u0148\u00e1tka u\u017e na\u0161la sv\u00e9 miluj\u00edc\u00ed domovy a d\u011blaj\u00ed radost ve<span class=\"excerpt-ellipsis\">&#8230;<\/span><\/p>\n<p><a class=\"more-link\" href=\"https:\/\/www.sweetbazl.cz\/?page_id=139\" itemprop=\"url\">Continue Reading<\/a><\/p>\n","protected":false},"author":1,"featured_media":0,"parent":0,"menu_order":0,"comment_status":"closed","ping_status":"closed","template":"","meta":[],"_links":{"self":[{"href":"https:\/\/www.sweetbazl.cz\/index.php?rest_route=\/wp\/v2\/pages\/139"}],"collection":[{"href":"https:\/\/www.sweetbazl.cz\/index.php?rest_route=\/wp\/v2\/pages"}],"about":[{"href":"https:\/\/www.sweetbazl.cz\/index.php?rest_route=\/wp\/v2\/types\/page"}],"author":[{"embeddable":true,"href":"https:\/\/www.sweetbazl.cz\/index.php?rest_route=\/wp\/v2\/users\/1"}],"replies":[{"embeddable":true,"href":"https:\/\/www.sweetbazl.cz\/index.php?rest_route=%2Fwp%2Fv2%2Fcomments&post=139"}],"version-history":[{"count":80,"href":"https:\/\/www.sweetbazl.cz\/index.php?rest_route=\/wp\/v2\/pages\/139\/revisions"}],"predecessor-version":[{"id":580,"href":"https:\/\/www.sweetbazl.cz\/index.php?rest_route=\/wp\/v2\/pages\/139\/revisions\/580"}],"wp:attachment":[{"href":"https:\/\/www.sweetbazl.cz\/index.php?rest_route=%2Fwp%2Fv2%2Fmedia&parent=139"}],"curies":[{"name":"wp","href":"https:\/\/api.w.org\/{rel}","templated":true}]}}