{"id":147,"date":"2017-06-04T21:07:31","date_gmt":"2017-06-04T19:07:31","guid":{"rendered":"http:\/\/www.sweetbazl.cz\/?page_id=147"},"modified":"2025-11-15T19:22:30","modified_gmt":"2025-11-15T18:22:30","slug":"kontakt","status":"publish","type":"page","link":"https:\/\/www.sweetbazl.cz\/?page_id=147","title":{"rendered":"Kontakt"},"content":{"rendered":"<p style=\"text-align: center;\"><strong>Pavla Divi\u0161ov\u00e1 (Drmelov\u00e1) <\/strong><\/p>\n<p style=\"text-align: center;\"><strong>tel. 605 219 797<\/strong><\/p>\n<p style=\"text-align: center;\"><strong>email: sweetbazl@seznam.cz<\/strong><\/p>\n<p style=\"text-align: center;\"><strong>Bilkovice 11- Divi\u0161ov<br \/>\n<\/strong><\/p>\n<p style=\"text-align: center;\">Sledovat na\u0161\u00ed chovatelskou stanici m\u016f\u017eete tak\u00e9 na FB Jako Kennel Sweet Bazl.<\/p>\n<p style=\"text-align: center;\"><a href=\"https:\/\/www.facebook.com\/profile.php?id=100081590363928\">https:\/\/www.facebook.com\/profile.php?id=100081590363928<\/a><\/p>\n<p><strong><a href=\"http:\/\/www.sweetbazl.cz\/wp-content\/uploads\/2017\/06\/IMG_1613.jpg\"><img decoding=\"async\" loading=\"lazy\" class=\"alignnone size-full wp-image-148\" src=\"http:\/\/www.sweetbazl.cz\/wp-content\/uploads\/2017\/06\/IMG_1613.jpg\" alt=\"IMG_1613\" width=\"5184\" height=\"3456\" srcset=\"https:\/\/www.sweetbazl.cz\/wp-content\/uploads\/2017\/06\/IMG_1613.jpg 5184w, https:\/\/www.sweetbazl.cz\/wp-content\/uploads\/2017\/06\/IMG_1613-300x200.jpg 300w, https:\/\/www.sweetbazl.cz\/wp-content\/uploads\/2017\/06\/IMG_1613-768x512.jpg 768w, https:\/\/www.sweetbazl.cz\/wp-content\/uploads\/2017\/06\/IMG_1613-1024x683.jpg 1024w, https:\/\/www.sweetbazl.cz\/wp-content\/uploads\/2017\/06\/IMG_1613-1140x760.jpg 1140w\" sizes=\"(max-width: 5184px) 100vw, 5184px\" \/><\/a><\/strong><\/p>\n","protected":false},"excerpt":{"rendered":"<p>Pavla Divi\u0161ov\u00e1 (Drmelov\u00e1) tel. 605 219 797 email: sweetbazl@seznam.cz Bilkovice 11- Divi\u0161ov Sledovat na\u0161\u00ed chovatelskou stanici m\u016f\u017eete tak\u00e9 na FB Jako Kennel Sweet Bazl. https:\/\/www.facebook.com\/profile.php?id=100081590363928<\/p>\n","protected":false},"author":1,"featured_media":0,"parent":0,"menu_order":0,"comment_status":"closed","ping_status":"closed","template":"","meta":[],"_links":{"self":[{"href":"https:\/\/www.sweetbazl.cz\/index.php?rest_route=\/wp\/v2\/pages\/147"}],"collection":[{"href":"https:\/\/www.sweetbazl.cz\/index.php?rest_route=\/wp\/v2\/pages"}],"about":[{"href":"https:\/\/www.sweetbazl.cz\/index.php?rest_route=\/wp\/v2\/types\/page"}],"author":[{"embeddable":true,"href":"https:\/\/www.sweetbazl.cz\/index.php?rest_route=\/wp\/v2\/users\/1"}],"replies":[{"embeddable":true,"href":"https:\/\/www.sweetbazl.cz\/index.php?rest_route=%2Fwp%2Fv2%2Fcomments&post=147"}],"version-history":[{"count":5,"href":"https:\/\/www.sweetbazl.cz\/index.php?rest_route=\/wp\/v2\/pages\/147\/revisions"}],"predecessor-version":[{"id":553,"href":"https:\/\/www.sweetbazl.cz\/index.php?rest_route=\/wp\/v2\/pages\/147\/revisions\/553"}],"wp:attachment":[{"href":"https:\/\/www.sweetbazl.cz\/index.php?rest_route=%2Fwp%2Fv2%2Fmedia&parent=147"}],"curies":[{"name":"wp","href":"https:\/\/api.w.org\/{rel}","templated":true}]}}