{"id":153,"date":"2017-07-15T17:46:26","date_gmt":"2017-07-15T15:46:26","guid":{"rendered":"http:\/\/www.sweetbazl.cz\/?page_id=153"},"modified":"2018-11-29T16:54:38","modified_gmt":"2018-11-29T15:54:38","slug":"vrh-d","status":"publish","type":"page","link":"https:\/\/www.sweetbazl.cz\/?page_id=153","title":{"rendered":"Vrh D"},"content":{"rendered":"<p style=\"text-align: center;\"><strong>\u00a8V\u0161echna \u0161t\u011b\u0148\u00e1tka u\u017e jsou v nov\u00fdch domovech. <\/strong><\/p>\n<p style=\"text-align: center;\">7.7.2017 se n\u00e1m narodila \u0161t\u011b\u0148\u00e1tka. Ze spojen\u00ed<\/p>\n<p style=\"text-align: center;\"><strong>matka Darina od Libu\u0161in\u00fdch L\u00e1zn\u00ed- Bazalka<\/strong><\/p>\n<p style=\"text-align: center;\">v\u00edce o Bazalce v sekci na\u0161i bostonci<\/p>\n<p style=\"text-align: center;\"><strong>a<\/strong><\/p>\n<p style=\"text-align: center;\"><strong>Otec \u0161t\u011bnatek:<\/strong> Carrey Rafonda<\/p>\n<p style=\"text-align: center;\"><a href=\"http:\/\/www.sweetbazl.cz\/wp-content\/uploads\/2017\/07\/20117476_10213884584779475_526252375_n.jpg\"><img decoding=\"async\" loading=\"lazy\" class=\" wp-image-171 aligncenter\" src=\"http:\/\/www.sweetbazl.cz\/wp-content\/uploads\/2017\/07\/20117476_10213884584779475_526252375_n-278x300.jpg\" alt=\"20117476_10213884584779475_526252375_n\" width=\"216\" height=\"233\" srcset=\"https:\/\/www.sweetbazl.cz\/wp-content\/uploads\/2017\/07\/20117476_10213884584779475_526252375_n-278x300.jpg 278w, https:\/\/www.sweetbazl.cz\/wp-content\/uploads\/2017\/07\/20117476_10213884584779475_526252375_n.jpg 720w\" sizes=\"(max-width: 216px) 100vw, 216px\" \/><\/a><\/p>\n<p style=\"text-align: center;\"><a href=\"http:\/\/www.sweetbazl.cz\/wp-content\/uploads\/2017\/07\/IMG_3472.jpg\"><img decoding=\"async\" loading=\"lazy\" class=\"wp-image-240 aligncenter\" src=\"http:\/\/www.sweetbazl.cz\/wp-content\/uploads\/2017\/07\/IMG_3472-1024x531.jpg\" alt=\"IMG_3472\" width=\"723\" height=\"375\" srcset=\"https:\/\/www.sweetbazl.cz\/wp-content\/uploads\/2017\/07\/IMG_3472-1024x531.jpg 1024w, https:\/\/www.sweetbazl.cz\/wp-content\/uploads\/2017\/07\/IMG_3472-300x156.jpg 300w, https:\/\/www.sweetbazl.cz\/wp-content\/uploads\/2017\/07\/IMG_3472-768x398.jpg 768w, https:\/\/www.sweetbazl.cz\/wp-content\/uploads\/2017\/07\/IMG_3472-1140x592.jpg 1140w\" sizes=\"(max-width: 723px) 100vw, 723px\" \/><\/a><\/p>\n<p style=\"text-align: center;\"><strong>Dukatella &#8211; z\u016fstala doma<br \/>\n<\/strong><\/p>\n<p style=\"text-align: center;\"><a href=\"http:\/\/www.sweetbazl.cz\/wp-content\/uploads\/2017\/07\/37113489_2145887655686106_9137530170482098176_n_Fotor_Collage.jpg\"><img decoding=\"async\" loading=\"lazy\" class=\"wp-image-235 aligncenter\" src=\"http:\/\/www.sweetbazl.cz\/wp-content\/uploads\/2017\/07\/37113489_2145887655686106_9137530170482098176_n_Fotor_Collage-1024x768.jpg\" alt=\"37113489_2145887655686106_9137530170482098176_n_Fotor_Collage\" width=\"681\" height=\"511\" srcset=\"https:\/\/www.sweetbazl.cz\/wp-content\/uploads\/2017\/07\/37113489_2145887655686106_9137530170482098176_n_Fotor_Collage-1024x768.jpg 1024w, https:\/\/www.sweetbazl.cz\/wp-content\/uploads\/2017\/07\/37113489_2145887655686106_9137530170482098176_n_Fotor_Collage-300x225.jpg 300w, https:\/\/www.sweetbazl.cz\/wp-content\/uploads\/2017\/07\/37113489_2145887655686106_9137530170482098176_n_Fotor_Collage-768x576.jpg 768w, https:\/\/www.sweetbazl.cz\/wp-content\/uploads\/2017\/07\/37113489_2145887655686106_9137530170482098176_n_Fotor_Collage-1140x855.jpg 1140w\" sizes=\"(max-width: 681px) 100vw, 681px\" \/><\/a><\/p>\n<p style=\"text-align: center;\"><strong>Holka- Deli<br \/>\n<\/strong><\/p>\n<p style=\"text-align: center;\"><a href=\"http:\/\/www.sweetbazl.cz\/wp-content\/uploads\/2017\/07\/IMG_3669_Fotor_Collage.jpg\"><img decoding=\"async\" loading=\"lazy\" class=\"wp-image-238 aligncenter\" src=\"http:\/\/www.sweetbazl.cz\/wp-content\/uploads\/2017\/07\/IMG_3669_Fotor_Collage-1024x768.jpg\" alt=\"IMG_3669_Fotor_Collage\" width=\"681\" height=\"511\" srcset=\"https:\/\/www.sweetbazl.cz\/wp-content\/uploads\/2017\/07\/IMG_3669_Fotor_Collage-1024x768.jpg 1024w, https:\/\/www.sweetbazl.cz\/wp-content\/uploads\/2017\/07\/IMG_3669_Fotor_Collage-300x225.jpg 300w, https:\/\/www.sweetbazl.cz\/wp-content\/uploads\/2017\/07\/IMG_3669_Fotor_Collage-768x576.jpg 768w, https:\/\/www.sweetbazl.cz\/wp-content\/uploads\/2017\/07\/IMG_3669_Fotor_Collage-1140x855.jpg 1140w\" sizes=\"(max-width: 681px) 100vw, 681px\" \/><\/a><\/p>\n<p style=\"text-align: center;\"><strong>Holka- Drobenka<br \/>\n<\/strong><\/p>\n<p style=\"text-align: center;\"><a href=\"http:\/\/www.sweetbazl.cz\/wp-content\/uploads\/2017\/07\/Pheobe_Fotor_Collage.jpg\"><img decoding=\"async\" loading=\"lazy\" class=\"wp-image-239 aligncenter\" src=\"http:\/\/www.sweetbazl.cz\/wp-content\/uploads\/2017\/07\/Pheobe_Fotor_Collage-1024x768.jpg\" alt=\"Pheobe_Fotor_Collage\" width=\"681\" height=\"511\" srcset=\"https:\/\/www.sweetbazl.cz\/wp-content\/uploads\/2017\/07\/Pheobe_Fotor_Collage-1024x768.jpg 1024w, https:\/\/www.sweetbazl.cz\/wp-content\/uploads\/2017\/07\/Pheobe_Fotor_Collage-300x225.jpg 300w, https:\/\/www.sweetbazl.cz\/wp-content\/uploads\/2017\/07\/Pheobe_Fotor_Collage-768x576.jpg 768w, https:\/\/www.sweetbazl.cz\/wp-content\/uploads\/2017\/07\/Pheobe_Fotor_Collage-1140x855.jpg 1140w\" sizes=\"(max-width: 681px) 100vw, 681px\" \/><\/a><\/p>\n<p style=\"text-align: center;\"><strong>Kluk- Donut<br \/>\n<\/strong><\/p>\n<p style=\"text-align: center;\"><a href=\"http:\/\/www.sweetbazl.cz\/wp-content\/uploads\/2017\/07\/42716173_464924440681811_8043840521199681536_n_Fotor_Collage.jpg\"><img decoding=\"async\" loading=\"lazy\" class=\"wp-image-237 aligncenter\" src=\"http:\/\/www.sweetbazl.cz\/wp-content\/uploads\/2017\/07\/42716173_464924440681811_8043840521199681536_n_Fotor_Collage-1024x768.jpg\" alt=\"42716173_464924440681811_8043840521199681536_n_Fotor_Collage\" width=\"680\" height=\"510\" srcset=\"https:\/\/www.sweetbazl.cz\/wp-content\/uploads\/2017\/07\/42716173_464924440681811_8043840521199681536_n_Fotor_Collage-1024x768.jpg 1024w, https:\/\/www.sweetbazl.cz\/wp-content\/uploads\/2017\/07\/42716173_464924440681811_8043840521199681536_n_Fotor_Collage-300x225.jpg 300w, https:\/\/www.sweetbazl.cz\/wp-content\/uploads\/2017\/07\/42716173_464924440681811_8043840521199681536_n_Fotor_Collage-768x576.jpg 768w, https:\/\/www.sweetbazl.cz\/wp-content\/uploads\/2017\/07\/42716173_464924440681811_8043840521199681536_n_Fotor_Collage-1140x855.jpg 1140w\" sizes=\"(max-width: 680px) 100vw, 680px\" \/><\/a><\/p>\n<p style=\"text-align: center;\"><strong>Kluk- Dijon<br \/>\n<\/strong><\/p>\n<p style=\"text-align: center;\"><a href=\"http:\/\/www.sweetbazl.cz\/wp-content\/uploads\/2017\/07\/42397390_1852415518210584_1047625656881381376_n_Fotor_Collage.jpg\"><img decoding=\"async\" loading=\"lazy\" class=\"wp-image-236 aligncenter\" src=\"http:\/\/www.sweetbazl.cz\/wp-content\/uploads\/2017\/07\/42397390_1852415518210584_1047625656881381376_n_Fotor_Collage-1024x768.jpg\" alt=\"42397390_1852415518210584_1047625656881381376_n_Fotor_Collage\" width=\"681\" height=\"511\" srcset=\"https:\/\/www.sweetbazl.cz\/wp-content\/uploads\/2017\/07\/42397390_1852415518210584_1047625656881381376_n_Fotor_Collage-1024x768.jpg 1024w, https:\/\/www.sweetbazl.cz\/wp-content\/uploads\/2017\/07\/42397390_1852415518210584_1047625656881381376_n_Fotor_Collage-300x225.jpg 300w, https:\/\/www.sweetbazl.cz\/wp-content\/uploads\/2017\/07\/42397390_1852415518210584_1047625656881381376_n_Fotor_Collage-768x576.jpg 768w, https:\/\/www.sweetbazl.cz\/wp-content\/uploads\/2017\/07\/42397390_1852415518210584_1047625656881381376_n_Fotor_Collage-1140x855.jpg 1140w\" sizes=\"(max-width: 681px) 100vw, 681px\" \/><\/a><\/p>\n<p style=\"text-align: center;\"><a href=\"http:\/\/www.sweetbazl.cz\/wp-content\/uploads\/2017\/07\/IMG_3361.jpg\"><img decoding=\"async\" loading=\"lazy\" class=\"size-large wp-image-241 aligncenter\" src=\"http:\/\/www.sweetbazl.cz\/wp-content\/uploads\/2017\/07\/IMG_3361-1024x706.jpg\" alt=\"IMG_3361\" width=\"1024\" height=\"706\" srcset=\"https:\/\/www.sweetbazl.cz\/wp-content\/uploads\/2017\/07\/IMG_3361-1024x706.jpg 1024w, https:\/\/www.sweetbazl.cz\/wp-content\/uploads\/2017\/07\/IMG_3361-300x207.jpg 300w, https:\/\/www.sweetbazl.cz\/wp-content\/uploads\/2017\/07\/IMG_3361-768x529.jpg 768w, https:\/\/www.sweetbazl.cz\/wp-content\/uploads\/2017\/07\/IMG_3361-1140x786.jpg 1140w\" sizes=\"(max-width: 1024px) 100vw, 1024px\" \/><\/a> <a href=\"http:\/\/www.sweetbazl.cz\/wp-content\/uploads\/2017\/07\/IMG_3366.jpg\"><img decoding=\"async\" loading=\"lazy\" class=\"alignnone size-large wp-image-242\" src=\"http:\/\/www.sweetbazl.cz\/wp-content\/uploads\/2017\/07\/IMG_3366-1024x785.jpg\" alt=\"IMG_3366\" width=\"1024\" height=\"785\" srcset=\"https:\/\/www.sweetbazl.cz\/wp-content\/uploads\/2017\/07\/IMG_3366-1024x785.jpg 1024w, https:\/\/www.sweetbazl.cz\/wp-content\/uploads\/2017\/07\/IMG_3366-300x230.jpg 300w, https:\/\/www.sweetbazl.cz\/wp-content\/uploads\/2017\/07\/IMG_3366-768x589.jpg 768w, https:\/\/www.sweetbazl.cz\/wp-content\/uploads\/2017\/07\/IMG_3366-1140x874.jpg 1140w\" sizes=\"(max-width: 1024px) 100vw, 1024px\" \/><\/a> <a href=\"http:\/\/www.sweetbazl.cz\/wp-content\/uploads\/2017\/07\/IMG_3384.jpg\"><img decoding=\"async\" loading=\"lazy\" class=\"alignnone size-large wp-image-243\" src=\"http:\/\/www.sweetbazl.cz\/wp-content\/uploads\/2017\/07\/IMG_3384-1024x672.jpg\" alt=\"IMG_3384\" width=\"1024\" height=\"672\" srcset=\"https:\/\/www.sweetbazl.cz\/wp-content\/uploads\/2017\/07\/IMG_3384-1024x672.jpg 1024w, https:\/\/www.sweetbazl.cz\/wp-content\/uploads\/2017\/07\/IMG_3384-300x197.jpg 300w, https:\/\/www.sweetbazl.cz\/wp-content\/uploads\/2017\/07\/IMG_3384-768x504.jpg 768w, https:\/\/www.sweetbazl.cz\/wp-content\/uploads\/2017\/07\/IMG_3384-1140x748.jpg 1140w\" sizes=\"(max-width: 1024px) 100vw, 1024px\" \/><\/a> <a href=\"http:\/\/www.sweetbazl.cz\/wp-content\/uploads\/2017\/07\/IMG_3405.jpg\"><img decoding=\"async\" loading=\"lazy\" class=\"alignnone size-large wp-image-244\" src=\"http:\/\/www.sweetbazl.cz\/wp-content\/uploads\/2017\/07\/IMG_3405-1024x686.jpg\" alt=\"IMG_3405\" width=\"1024\" height=\"686\" srcset=\"https:\/\/www.sweetbazl.cz\/wp-content\/uploads\/2017\/07\/IMG_3405-1024x686.jpg 1024w, https:\/\/www.sweetbazl.cz\/wp-content\/uploads\/2017\/07\/IMG_3405-300x201.jpg 300w, https:\/\/www.sweetbazl.cz\/wp-content\/uploads\/2017\/07\/IMG_3405-768x514.jpg 768w, https:\/\/www.sweetbazl.cz\/wp-content\/uploads\/2017\/07\/IMG_3405-1140x763.jpg 1140w\" sizes=\"(max-width: 1024px) 100vw, 1024px\" \/><\/a> <a href=\"http:\/\/www.sweetbazl.cz\/wp-content\/uploads\/2017\/07\/IMG_3414.jpg\"><img decoding=\"async\" loading=\"lazy\" class=\"alignnone size-large wp-image-245\" src=\"http:\/\/www.sweetbazl.cz\/wp-content\/uploads\/2017\/07\/IMG_3414-1024x577.jpg\" alt=\"IMG_3414\" width=\"1024\" height=\"577\" srcset=\"https:\/\/www.sweetbazl.cz\/wp-content\/uploads\/2017\/07\/IMG_3414-1024x577.jpg 1024w, https:\/\/www.sweetbazl.cz\/wp-content\/uploads\/2017\/07\/IMG_3414-300x169.jpg 300w, https:\/\/www.sweetbazl.cz\/wp-content\/uploads\/2017\/07\/IMG_3414-768x432.jpg 768w, https:\/\/www.sweetbazl.cz\/wp-content\/uploads\/2017\/07\/IMG_3414-1140x642.jpg 1140w\" sizes=\"(max-width: 1024px) 100vw, 1024px\" \/><\/a> <a href=\"http:\/\/www.sweetbazl.cz\/wp-content\/uploads\/2017\/07\/IMG_3423.jpg\"><img decoding=\"async\" loading=\"lazy\" class=\"alignnone size-large wp-image-246\" src=\"http:\/\/www.sweetbazl.cz\/wp-content\/uploads\/2017\/07\/IMG_3423-1024x629.jpg\" alt=\"IMG_3423\" width=\"1024\" height=\"629\" srcset=\"https:\/\/www.sweetbazl.cz\/wp-content\/uploads\/2017\/07\/IMG_3423-1024x629.jpg 1024w, https:\/\/www.sweetbazl.cz\/wp-content\/uploads\/2017\/07\/IMG_3423-300x184.jpg 300w, https:\/\/www.sweetbazl.cz\/wp-content\/uploads\/2017\/07\/IMG_3423-768x471.jpg 768w, https:\/\/www.sweetbazl.cz\/wp-content\/uploads\/2017\/07\/IMG_3423-1140x700.jpg 1140w\" sizes=\"(max-width: 1024px) 100vw, 1024px\" \/><\/a> <a href=\"http:\/\/www.sweetbazl.cz\/wp-content\/uploads\/2017\/07\/IMG_3426.jpg\"><img decoding=\"async\" loading=\"lazy\" class=\"alignnone size-large wp-image-247\" src=\"http:\/\/www.sweetbazl.cz\/wp-content\/uploads\/2017\/07\/IMG_3426-1024x781.jpg\" alt=\"IMG_3426\" width=\"1024\" height=\"781\" srcset=\"https:\/\/www.sweetbazl.cz\/wp-content\/uploads\/2017\/07\/IMG_3426-1024x781.jpg 1024w, https:\/\/www.sweetbazl.cz\/wp-content\/uploads\/2017\/07\/IMG_3426-300x229.jpg 300w, https:\/\/www.sweetbazl.cz\/wp-content\/uploads\/2017\/07\/IMG_3426-768x586.jpg 768w, https:\/\/www.sweetbazl.cz\/wp-content\/uploads\/2017\/07\/IMG_3426-1140x870.jpg 1140w\" sizes=\"(max-width: 1024px) 100vw, 1024px\" \/><\/a> <a href=\"http:\/\/www.sweetbazl.cz\/wp-content\/uploads\/2017\/07\/IMG_3435.jpg\"><img decoding=\"async\" loading=\"lazy\" class=\"alignnone size-large wp-image-248\" src=\"http:\/\/www.sweetbazl.cz\/wp-content\/uploads\/2017\/07\/IMG_3435-1024x723.jpg\" alt=\"IMG_3435\" width=\"1024\" height=\"723\" srcset=\"https:\/\/www.sweetbazl.cz\/wp-content\/uploads\/2017\/07\/IMG_3435-1024x723.jpg 1024w, https:\/\/www.sweetbazl.cz\/wp-content\/uploads\/2017\/07\/IMG_3435-300x212.jpg 300w, https:\/\/www.sweetbazl.cz\/wp-content\/uploads\/2017\/07\/IMG_3435-768x542.jpg 768w, https:\/\/www.sweetbazl.cz\/wp-content\/uploads\/2017\/07\/IMG_3435-1140x805.jpg 1140w\" sizes=\"(max-width: 1024px) 100vw, 1024px\" \/><\/a><\/p>\n","protected":false},"excerpt":{"rendered":"<p>\u00a8V\u0161echna \u0161t\u011b\u0148\u00e1tka u\u017e jsou v nov\u00fdch domovech. 7.7.2017 se n\u00e1m narodila \u0161t\u011b\u0148\u00e1tka. Ze spojen\u00ed matka Darina od Libu\u0161in\u00fdch L\u00e1zn\u00ed- Bazalka v\u00edce o Bazalce v sekci na\u0161i bostonci a Otec \u0161t\u011bnatek: Carrey Rafonda Dukatella &#8211; z\u016fstala doma Holka- Deli Holka- Drobenka Kluk- Donut Kluk- Dijon<\/p>\n","protected":false},"author":1,"featured_media":0,"parent":0,"menu_order":0,"comment_status":"closed","ping_status":"closed","template":"","meta":[],"_links":{"self":[{"href":"https:\/\/www.sweetbazl.cz\/index.php?rest_route=\/wp\/v2\/pages\/153"}],"collection":[{"href":"https:\/\/www.sweetbazl.cz\/index.php?rest_route=\/wp\/v2\/pages"}],"about":[{"href":"https:\/\/www.sweetbazl.cz\/index.php?rest_route=\/wp\/v2\/types\/page"}],"author":[{"embeddable":true,"href":"https:\/\/www.sweetbazl.cz\/index.php?rest_route=\/wp\/v2\/users\/1"}],"replies":[{"embeddable":true,"href":"https:\/\/www.sweetbazl.cz\/index.php?rest_route=%2Fwp%2Fv2%2Fcomments&post=153"}],"version-history":[{"count":10,"href":"https:\/\/www.sweetbazl.cz\/index.php?rest_route=\/wp\/v2\/pages\/153\/revisions"}],"predecessor-version":[{"id":250,"href":"https:\/\/www.sweetbazl.cz\/index.php?rest_route=\/wp\/v2\/pages\/153\/revisions\/250"}],"wp:attachment":[{"href":"https:\/\/www.sweetbazl.cz\/index.php?rest_route=%2Fwp%2Fv2%2Fmedia&parent=153"}],"curies":[{"name":"wp","href":"https:\/\/api.w.org\/{rel}","templated":true}]}}