{"id":18,"date":"2016-11-20T19:39:25","date_gmt":"2016-11-20T18:39:25","guid":{"rendered":"http:\/\/www.sweetbazl.cz\/?page_id=18"},"modified":"2016-11-23T20:19:08","modified_gmt":"2016-11-23T19:19:08","slug":"vrh-b","status":"publish","type":"page","link":"https:\/\/www.sweetbazl.cz\/?page_id=18","title":{"rendered":"Vrh B"},"content":{"rendered":"<p style=\"text-align: center;\"><strong>Dne 7.2.2016 se narodila \u0161t\u011b\u0148\u00e1tka \u0161t\u011b\u0148\u00e1tka 3 kluci a 1 hol\u010di\u010dka ze spojen\u00ed<\/strong><\/p>\n<p style=\"text-align: center;\"><strong>m.: Doris od Libu\u0161in\u00fdch l\u00e1zn\u00ed<\/strong><br \/>\n<strong> f.: Explozen\u00b4s Mickey Finn (imp SWE)<\/strong><\/p>\n<p style=\"text-align: center;\"><a href=\"http:\/\/www.sweetbazl.cz\/wp-content\/uploads\/2016\/11\/12509083_10207531402035230_7837453595958846699_n.jpg\"><img decoding=\"async\" loading=\"lazy\" class=\"alignnone size-medium wp-image-92\" src=\"http:\/\/www.sweetbazl.cz\/wp-content\/uploads\/2016\/11\/12509083_10207531402035230_7837453595958846699_n-212x300.jpg\" alt=\"12509083_10207531402035230_7837453595958846699_n\" width=\"212\" height=\"300\" srcset=\"https:\/\/www.sweetbazl.cz\/wp-content\/uploads\/2016\/11\/12509083_10207531402035230_7837453595958846699_n-212x300.jpg 212w, https:\/\/www.sweetbazl.cz\/wp-content\/uploads\/2016\/11\/12509083_10207531402035230_7837453595958846699_n-135x190.jpg 135w, https:\/\/www.sweetbazl.cz\/wp-content\/uploads\/2016\/11\/12509083_10207531402035230_7837453595958846699_n.jpg 602w\" sizes=\"(max-width: 212px) 100vw, 212px\" \/><\/a><\/p>\n<p style=\"text-align: center;\"><strong>Bastien<\/strong><\/p>\n<p style=\"text-align: center;\"><a href=\"http:\/\/www.sweetbazl.cz\/wp-content\/uploads\/2016\/11\/Bastien.jpg\"><img decoding=\"async\" loading=\"lazy\" class=\"alignnone wp-image-95\" src=\"http:\/\/www.sweetbazl.cz\/wp-content\/uploads\/2016\/11\/Bastien-300x182.jpg\" alt=\"bastien\" width=\"328\" height=\"199\" srcset=\"https:\/\/www.sweetbazl.cz\/wp-content\/uploads\/2016\/11\/Bastien-300x182.jpg 300w, https:\/\/www.sweetbazl.cz\/wp-content\/uploads\/2016\/11\/Bastien-768x466.jpg 768w, https:\/\/www.sweetbazl.cz\/wp-content\/uploads\/2016\/11\/Bastien-190x115.jpg 190w, https:\/\/www.sweetbazl.cz\/wp-content\/uploads\/2016\/11\/Bastien.jpg 960w\" sizes=\"(max-width: 328px) 100vw, 328px\" \/><\/a><a href=\"http:\/\/www.sweetbazl.cz\/wp-content\/uploads\/2016\/11\/Bastien-d.jpg\"><img decoding=\"async\" loading=\"lazy\" class=\"alignnone size-medium wp-image-94\" src=\"http:\/\/www.sweetbazl.cz\/wp-content\/uploads\/2016\/11\/Bastien-d-300x200.jpg\" alt=\"bastien-d\" width=\"300\" height=\"200\" srcset=\"https:\/\/www.sweetbazl.cz\/wp-content\/uploads\/2016\/11\/Bastien-d-300x200.jpg 300w, https:\/\/www.sweetbazl.cz\/wp-content\/uploads\/2016\/11\/Bastien-d-768x512.jpg 768w, https:\/\/www.sweetbazl.cz\/wp-content\/uploads\/2016\/11\/Bastien-d-190x127.jpg 190w, https:\/\/www.sweetbazl.cz\/wp-content\/uploads\/2016\/11\/Bastien-d.jpg 960w\" sizes=\"(max-width: 300px) 100vw, 300px\" \/><\/a><\/p>\n<p style=\"text-align: center;\"><strong>Bal\u016f <\/strong><\/p>\n<p style=\"text-align: center;\"><a href=\"http:\/\/www.sweetbazl.cz\/wp-content\/uploads\/2016\/11\/bal\u016f.jpg\"><img decoding=\"async\" loading=\"lazy\" class=\"alignnone wp-image-97\" src=\"http:\/\/www.sweetbazl.cz\/wp-content\/uploads\/2016\/11\/bal\u016f-300x199.jpg\" alt=\"balu\" width=\"311\" height=\"206\" srcset=\"https:\/\/www.sweetbazl.cz\/wp-content\/uploads\/2016\/11\/bal\u016f-300x199.jpg 300w, https:\/\/www.sweetbazl.cz\/wp-content\/uploads\/2016\/11\/bal\u016f-768x510.jpg 768w, https:\/\/www.sweetbazl.cz\/wp-content\/uploads\/2016\/11\/bal\u016f-190x126.jpg 190w, https:\/\/www.sweetbazl.cz\/wp-content\/uploads\/2016\/11\/bal\u016f.jpg 960w\" sizes=\"(max-width: 311px) 100vw, 311px\" \/><\/a><a href=\"http:\/\/www.sweetbazl.cz\/wp-content\/uploads\/2016\/11\/Bal\u016f-d.jpg\"><img decoding=\"async\" loading=\"lazy\" class=\"alignnone wp-image-96\" src=\"http:\/\/www.sweetbazl.cz\/wp-content\/uploads\/2016\/11\/Bal\u016f-d-300x199.jpg\" alt=\"balu-d\" width=\"310\" height=\"205\" srcset=\"https:\/\/www.sweetbazl.cz\/wp-content\/uploads\/2016\/11\/Bal\u016f-d-300x199.jpg 300w, https:\/\/www.sweetbazl.cz\/wp-content\/uploads\/2016\/11\/Bal\u016f-d-768x510.jpg 768w, https:\/\/www.sweetbazl.cz\/wp-content\/uploads\/2016\/11\/Bal\u016f-d-190x126.jpg 190w, https:\/\/www.sweetbazl.cz\/wp-content\/uploads\/2016\/11\/Bal\u016f-d.jpg 960w\" sizes=\"(max-width: 310px) 100vw, 310px\" \/><\/a><\/p>\n<p style=\"text-align: center;\"><strong>Bilbo<\/strong><\/p>\n<p style=\"text-align: center;\"><a href=\"http:\/\/www.sweetbazl.cz\/wp-content\/uploads\/2016\/11\/bilbo.jpg\"><img decoding=\"async\" loading=\"lazy\" class=\"alignnone wp-image-99\" src=\"http:\/\/www.sweetbazl.cz\/wp-content\/uploads\/2016\/11\/bilbo-300x199.jpg\" alt=\"bilbo\" width=\"295\" height=\"196\" srcset=\"https:\/\/www.sweetbazl.cz\/wp-content\/uploads\/2016\/11\/bilbo-300x199.jpg 300w, https:\/\/www.sweetbazl.cz\/wp-content\/uploads\/2016\/11\/bilbo-768x510.jpg 768w, https:\/\/www.sweetbazl.cz\/wp-content\/uploads\/2016\/11\/bilbo-190x126.jpg 190w, https:\/\/www.sweetbazl.cz\/wp-content\/uploads\/2016\/11\/bilbo.jpg 960w\" sizes=\"(max-width: 295px) 100vw, 295px\" \/><\/a><a href=\"http:\/\/www.sweetbazl.cz\/wp-content\/uploads\/2016\/11\/Bilbo-D.jpg\"><img decoding=\"async\" loading=\"lazy\" class=\"alignnone wp-image-98\" src=\"http:\/\/www.sweetbazl.cz\/wp-content\/uploads\/2016\/11\/Bilbo-D-300x161.jpg\" alt=\"bilbo-d\" width=\"332\" height=\"178\" srcset=\"https:\/\/www.sweetbazl.cz\/wp-content\/uploads\/2016\/11\/Bilbo-D-300x161.jpg 300w, https:\/\/www.sweetbazl.cz\/wp-content\/uploads\/2016\/11\/Bilbo-D-768x412.jpg 768w, https:\/\/www.sweetbazl.cz\/wp-content\/uploads\/2016\/11\/Bilbo-D-190x102.jpg 190w, https:\/\/www.sweetbazl.cz\/wp-content\/uploads\/2016\/11\/Bilbo-D.jpg 960w\" sizes=\"(max-width: 332px) 100vw, 332px\" \/><\/a><\/p>\n<p style=\"text-align: center;\"><strong>Blackberry<\/strong><\/p>\n<p style=\"text-align: center;\"><a href=\"http:\/\/www.sweetbazl.cz\/wp-content\/uploads\/2016\/11\/blackbarry.jpg\"><img decoding=\"async\" loading=\"lazy\" class=\"wp-image-101 alignnone\" src=\"http:\/\/www.sweetbazl.cz\/wp-content\/uploads\/2016\/11\/blackbarry-300x192.jpg\" alt=\"blackbarry\" width=\"377\" height=\"241\" srcset=\"https:\/\/www.sweetbazl.cz\/wp-content\/uploads\/2016\/11\/blackbarry-300x192.jpg 300w, https:\/\/www.sweetbazl.cz\/wp-content\/uploads\/2016\/11\/blackbarry-768x491.jpg 768w, https:\/\/www.sweetbazl.cz\/wp-content\/uploads\/2016\/11\/blackbarry-190x122.jpg 190w, https:\/\/www.sweetbazl.cz\/wp-content\/uploads\/2016\/11\/blackbarry.jpg 960w\" sizes=\"(max-width: 377px) 100vw, 377px\" \/><\/a><a href=\"http:\/\/www.sweetbazl.cz\/wp-content\/uploads\/2016\/11\/Berry.jpg\"><img decoding=\"async\" loading=\"lazy\" class=\"alignnone size-medium wp-image-100\" src=\"http:\/\/www.sweetbazl.cz\/wp-content\/uploads\/2016\/11\/Berry-199x300.jpg\" alt=\"berry\" width=\"199\" height=\"300\" srcset=\"https:\/\/www.sweetbazl.cz\/wp-content\/uploads\/2016\/11\/Berry-199x300.jpg 199w, https:\/\/www.sweetbazl.cz\/wp-content\/uploads\/2016\/11\/Berry-126x190.jpg 126w, https:\/\/www.sweetbazl.cz\/wp-content\/uploads\/2016\/11\/Berry.jpg 637w\" sizes=\"(max-width: 199px) 100vw, 199px\" \/><\/a><\/p>\n<p style=\"text-align: center;\"><a href=\"http:\/\/www.sweetbazl.cz\/wp-content\/uploads\/2016\/11\/1079147_10207848977374415_1769968546_n.jpg\"><img decoding=\"async\" loading=\"lazy\" class=\"size-medium wp-image-102 aligncenter\" src=\"http:\/\/www.sweetbazl.cz\/wp-content\/uploads\/2016\/11\/1079147_10207848977374415_1769968546_n-300x199.jpg\" alt=\"1079147_10207848977374415_1769968546_n\" width=\"300\" height=\"199\" srcset=\"https:\/\/www.sweetbazl.cz\/wp-content\/uploads\/2016\/11\/1079147_10207848977374415_1769968546_n-300x199.jpg 300w, https:\/\/www.sweetbazl.cz\/wp-content\/uploads\/2016\/11\/1079147_10207848977374415_1769968546_n-768x510.jpg 768w, https:\/\/www.sweetbazl.cz\/wp-content\/uploads\/2016\/11\/1079147_10207848977374415_1769968546_n-190x126.jpg 190w, https:\/\/www.sweetbazl.cz\/wp-content\/uploads\/2016\/11\/1079147_10207848977374415_1769968546_n.jpg 960w\" sizes=\"(max-width: 300px) 100vw, 300px\" \/><\/a><\/p>\n","protected":false},"excerpt":{"rendered":"<p>Dne 7.2.2016 se narodila \u0161t\u011b\u0148\u00e1tka \u0161t\u011b\u0148\u00e1tka 3 kluci a 1 hol\u010di\u010dka ze spojen\u00ed m.: Doris od Libu\u0161in\u00fdch l\u00e1zn\u00ed f.: Explozen\u00b4s Mickey Finn (imp SWE) Bastien Bal\u016f Bilbo Blackberry<\/p>\n","protected":false},"author":1,"featured_media":0,"parent":0,"menu_order":0,"comment_status":"closed","ping_status":"closed","template":"","meta":[],"_links":{"self":[{"href":"https:\/\/www.sweetbazl.cz\/index.php?rest_route=\/wp\/v2\/pages\/18"}],"collection":[{"href":"https:\/\/www.sweetbazl.cz\/index.php?rest_route=\/wp\/v2\/pages"}],"about":[{"href":"https:\/\/www.sweetbazl.cz\/index.php?rest_route=\/wp\/v2\/types\/page"}],"author":[{"embeddable":true,"href":"https:\/\/www.sweetbazl.cz\/index.php?rest_route=\/wp\/v2\/users\/1"}],"replies":[{"embeddable":true,"href":"https:\/\/www.sweetbazl.cz\/index.php?rest_route=%2Fwp%2Fv2%2Fcomments&post=18"}],"version-history":[{"count":4,"href":"https:\/\/www.sweetbazl.cz\/index.php?rest_route=\/wp\/v2\/pages\/18\/revisions"}],"predecessor-version":[{"id":104,"href":"https:\/\/www.sweetbazl.cz\/index.php?rest_route=\/wp\/v2\/pages\/18\/revisions\/104"}],"wp:attachment":[{"href":"https:\/\/www.sweetbazl.cz\/index.php?rest_route=%2Fwp%2Fv2%2Fmedia&parent=18"}],"curies":[{"name":"wp","href":"https:\/\/api.w.org\/{rel}","templated":true}]}}