{"id":202,"date":"2018-02-20T15:19:31","date_gmt":"2018-02-20T14:19:31","guid":{"rendered":"http:\/\/www.sweetbazl.cz\/?page_id=202"},"modified":"2018-04-14T08:31:08","modified_gmt":"2018-04-14T06:31:08","slug":"vrh-e","status":"publish","type":"page","link":"https:\/\/www.sweetbazl.cz\/?page_id=202","title":{"rendered":"Vrh E"},"content":{"rendered":"<h1 style=\"text-align: center;\"><strong>7.2.2018 se narodila \u0161t\u011b\u0148\u00e1tka<\/strong><\/h1>\n<p style=\"text-align: center;\"><strong> Matka Caramella Sweet Bazl <\/strong><\/p>\n<p style=\"text-align: center;\">V\u00edce informac\u00ed- na\u0161i psi<\/p>\n<p style=\"text-align: center;\"><strong>Otec Jabo\u00b4s Golden Jack Sparrow &#8222;Jack&#8220;<\/strong><\/p>\n<p style=\"text-align: center;\">v\u00edce o otci: <a href=\"http:\/\/bostoncz.com\/index.php\/nasi-psi-our-males\/5-jabo-s-golden-jack-sparrow-jack\">http:\/\/bostoncz.com\/index.php\/nasi-psi-our-males\/5-jabo-s-golden-jack-sparrow-jack<\/a><\/p>\n<p style=\"text-align: center;\"><strong>Oba rodi\u010de maj\u00ed testy na patelly 0\/0 a negativn\u00ed o\u010dn\u00ed d\u011bdi\u010dn\u00e9 vady.<\/strong><\/p>\n<p style=\"text-align: center;\">\u0160T\u011a\u0147\u00c1TKA JSOU JI\u017d V NOV\u00ddCH DOMOVECH<\/p>\n<p style=\"text-align: left;\"><em>r.<br \/>\n<\/em><\/p>\n<p style=\"text-align: center;\">Holka 1 Elmex- zamluven\u00e1<\/p>\n<p style=\"text-align: center;\"><a href=\"http:\/\/www.sweetbazl.cz\/wp-content\/uploads\/2018\/02\/IMG_4618.jpg\"><img decoding=\"async\" loading=\"lazy\" class=\"wp-image-203 aligncenter\" src=\"http:\/\/www.sweetbazl.cz\/wp-content\/uploads\/2018\/02\/IMG_4618-1024x751.jpg\" alt=\"IMG_4618\" width=\"671\" height=\"492\" srcset=\"https:\/\/www.sweetbazl.cz\/wp-content\/uploads\/2018\/02\/IMG_4618-1024x751.jpg 1024w, https:\/\/www.sweetbazl.cz\/wp-content\/uploads\/2018\/02\/IMG_4618-300x220.jpg 300w, https:\/\/www.sweetbazl.cz\/wp-content\/uploads\/2018\/02\/IMG_4618-768x563.jpg 768w, https:\/\/www.sweetbazl.cz\/wp-content\/uploads\/2018\/02\/IMG_4618-1140x836.jpg 1140w\" sizes=\"(max-width: 671px) 100vw, 671px\" \/><\/a><\/p>\n<p style=\"text-align: center;\">Holka 2 Electra &#8211; zamluven\u00e1<\/p>\n<p style=\"text-align: center;\"><a href=\"http:\/\/www.sweetbazl.cz\/wp-content\/uploads\/2018\/02\/IMG_4626.jpg\"><img decoding=\"async\" loading=\"lazy\" class=\"wp-image-204 aligncenter\" src=\"http:\/\/www.sweetbazl.cz\/wp-content\/uploads\/2018\/02\/IMG_4626-1024x740.jpg\" alt=\"IMG_4626\" width=\"692\" height=\"500\" srcset=\"https:\/\/www.sweetbazl.cz\/wp-content\/uploads\/2018\/02\/IMG_4626-1024x740.jpg 1024w, https:\/\/www.sweetbazl.cz\/wp-content\/uploads\/2018\/02\/IMG_4626-300x217.jpg 300w, https:\/\/www.sweetbazl.cz\/wp-content\/uploads\/2018\/02\/IMG_4626-768x555.jpg 768w, https:\/\/www.sweetbazl.cz\/wp-content\/uploads\/2018\/02\/IMG_4626-1140x824.jpg 1140w\" sizes=\"(max-width: 692px) 100vw, 692px\" \/><\/a><\/p>\n<p style=\"text-align: center;\">Holka 3Enter Price- zamluven\u00e1<\/p>\n<p style=\"text-align: center;\"><a href=\"http:\/\/www.sweetbazl.cz\/wp-content\/uploads\/2018\/02\/IMG_4641.jpg\"><img decoding=\"async\" loading=\"lazy\" class=\"wp-image-205 aligncenter\" src=\"http:\/\/www.sweetbazl.cz\/wp-content\/uploads\/2018\/02\/IMG_4641-1024x685.jpg\" alt=\"IMG_4641\" width=\"688\" height=\"460\" srcset=\"https:\/\/www.sweetbazl.cz\/wp-content\/uploads\/2018\/02\/IMG_4641-1024x685.jpg 1024w, https:\/\/www.sweetbazl.cz\/wp-content\/uploads\/2018\/02\/IMG_4641-300x201.jpg 300w, https:\/\/www.sweetbazl.cz\/wp-content\/uploads\/2018\/02\/IMG_4641-768x513.jpg 768w, https:\/\/www.sweetbazl.cz\/wp-content\/uploads\/2018\/02\/IMG_4641-1140x762.jpg 1140w\" sizes=\"(max-width: 688px) 100vw, 688px\" \/><\/a><\/p>\n<p style=\"text-align: center;\">Kluk 1 Email- zamluven\u00fd<\/p>\n<p style=\"text-align: center;\"><a href=\"http:\/\/www.sweetbazl.cz\/wp-content\/uploads\/2018\/02\/IMG_4665.jpg\"><img decoding=\"async\" loading=\"lazy\" class=\" wp-image-206 aligncenter\" src=\"http:\/\/www.sweetbazl.cz\/wp-content\/uploads\/2018\/02\/IMG_4650-1024x686.jpg\" alt=\"IMG_4650\" width=\"701\" height=\"470\" srcset=\"https:\/\/www.sweetbazl.cz\/wp-content\/uploads\/2018\/02\/IMG_4650-1024x686.jpg 1024w, https:\/\/www.sweetbazl.cz\/wp-content\/uploads\/2018\/02\/IMG_4650-300x201.jpg 300w, https:\/\/www.sweetbazl.cz\/wp-content\/uploads\/2018\/02\/IMG_4650-768x515.jpg 768w, https:\/\/www.sweetbazl.cz\/wp-content\/uploads\/2018\/02\/IMG_4650-1140x764.jpg 1140w\" sizes=\"(max-width: 701px) 100vw, 701px\" \/>kluk 2 Error- ZAMLUVEN\u00dd <img decoding=\"async\" loading=\"lazy\" class=\" wp-image-207 aligncenter\" src=\"http:\/\/www.sweetbazl.cz\/wp-content\/uploads\/2018\/02\/IMG_4665-1024x690.jpg\" alt=\"IMG_4665\" width=\"705\" height=\"475\" srcset=\"https:\/\/www.sweetbazl.cz\/wp-content\/uploads\/2018\/02\/IMG_4665-1024x690.jpg 1024w, https:\/\/www.sweetbazl.cz\/wp-content\/uploads\/2018\/02\/IMG_4665-300x202.jpg 300w, https:\/\/www.sweetbazl.cz\/wp-content\/uploads\/2018\/02\/IMG_4665-768x517.jpg 768w, https:\/\/www.sweetbazl.cz\/wp-content\/uploads\/2018\/02\/IMG_4665-1140x768.jpg 1140w\" sizes=\"(max-width: 705px) 100vw, 705px\" \/><\/a><\/p>\n","protected":false},"excerpt":{"rendered":"<p>7.2.2018 se narodila \u0161t\u011b\u0148\u00e1tka Matka Caramella Sweet Bazl V\u00edce informac\u00ed- na\u0161i psi Otec Jabo\u00b4s Golden Jack Sparrow &#8222;Jack&#8220; v\u00edce o otci: http:\/\/bostoncz.com\/index.php\/nasi-psi-our-males\/5-jabo-s-golden-jack-sparrow-jack Oba rodi\u010de maj\u00ed testy na patelly 0\/0 a negativn\u00ed o\u010dn\u00ed d\u011bdi\u010dn\u00e9 vady. \u0160T\u011a\u0147\u00c1TKA JSOU JI\u017d V NOV\u00ddCH DOMOVECH r. Holka 1 Elmex- zamluven\u00e1 Holka 2 Electra &#8211; zamluven\u00e1 Holka 3Enter Price- zamluven\u00e1 Kluk<span class=\"excerpt-ellipsis\">&#8230;<\/span><\/p>\n<p><a class=\"more-link\" href=\"https:\/\/www.sweetbazl.cz\/?page_id=202\" itemprop=\"url\">Continue Reading<\/a><\/p>\n","protected":false},"author":1,"featured_media":0,"parent":0,"menu_order":0,"comment_status":"closed","ping_status":"closed","template":"","meta":[],"_links":{"self":[{"href":"https:\/\/www.sweetbazl.cz\/index.php?rest_route=\/wp\/v2\/pages\/202"}],"collection":[{"href":"https:\/\/www.sweetbazl.cz\/index.php?rest_route=\/wp\/v2\/pages"}],"about":[{"href":"https:\/\/www.sweetbazl.cz\/index.php?rest_route=\/wp\/v2\/types\/page"}],"author":[{"embeddable":true,"href":"https:\/\/www.sweetbazl.cz\/index.php?rest_route=\/wp\/v2\/users\/1"}],"replies":[{"embeddable":true,"href":"https:\/\/www.sweetbazl.cz\/index.php?rest_route=%2Fwp%2Fv2%2Fcomments&post=202"}],"version-history":[{"count":8,"href":"https:\/\/www.sweetbazl.cz\/index.php?rest_route=\/wp\/v2\/pages\/202\/revisions"}],"predecessor-version":[{"id":222,"href":"https:\/\/www.sweetbazl.cz\/index.php?rest_route=\/wp\/v2\/pages\/202\/revisions\/222"}],"wp:attachment":[{"href":"https:\/\/www.sweetbazl.cz\/index.php?rest_route=%2Fwp%2Fv2%2Fmedia&parent=202"}],"curies":[{"name":"wp","href":"https:\/\/api.w.org\/{rel}","templated":true}]}}