{"id":226,"date":"2018-09-22T19:26:00","date_gmt":"2018-09-22T17:26:00","guid":{"rendered":"http:\/\/www.sweetbazl.cz\/?page_id=226"},"modified":"2019-02-27T20:21:27","modified_gmt":"2019-02-27T19:21:27","slug":"bucifalek","status":"publish","type":"page","link":"https:\/\/www.sweetbazl.cz\/?page_id=226","title":{"rendered":"Bucif\u00e1lek"},"content":{"rendered":"<h1 style=\"text-align: center;\">Bucif\u00e1lek<\/h1>\n<h1 style=\"text-align: center;\">Heartily knockout<\/h1>\n<hr \/>\n<p style=\"text-align: center;\"><strong>Narozen: 1.11.2017<\/strong><\/p>\n<p style=\"text-align: center;\"><strong>V\u00e1ha: 10kg <\/strong><\/p>\n<p style=\"text-align: center;\"><strong>Chovn\u00fd (Bonitov\u00e1n) 1.12.2018<\/strong><\/p>\n<p style=\"text-align: center;\"><a href=\"http:\/\/www.sweetbazl.cz\/wp-content\/uploads\/2018\/09\/IMG_5908.jpg\"><img decoding=\"async\" loading=\"lazy\" class=\"alignnone size-medium wp-image-277\" src=\"http:\/\/www.sweetbazl.cz\/wp-content\/uploads\/2018\/09\/IMG_5908-300x234.jpg\" alt=\"IMG_5908\" width=\"300\" height=\"234\" srcset=\"https:\/\/www.sweetbazl.cz\/wp-content\/uploads\/2018\/09\/IMG_5908-300x234.jpg 300w, https:\/\/www.sweetbazl.cz\/wp-content\/uploads\/2018\/09\/IMG_5908-768x600.jpg 768w, https:\/\/www.sweetbazl.cz\/wp-content\/uploads\/2018\/09\/IMG_5908-1024x800.jpg 1024w, https:\/\/www.sweetbazl.cz\/wp-content\/uploads\/2018\/09\/IMG_5908-1140x891.jpg 1140w\" sizes=\"(max-width: 300px) 100vw, 300px\" \/><\/a><\/p>\n<p style=\"text-align: center;\">Bucif\u00e1lka jsme si p\u0159ivezli v \u00fanoru 2018 ze Srbska. Cht\u011bli jsme &#8222;novou, nep\u0159\u00edbuznou krev&#8220;, kter\u00e1 v \u010cR je\u0161t\u011b nen\u00ed. Buc\u00edk je u\u017easn\u00fd pohod\u00e1\u0159 a mysl\u00edm, \u017ee to potvrd\u00ed ka\u017ed\u00fd, kdo se sn\u00edm potkal.Od mali\u010dka jsme ho spr\u00e1vn\u011b socializovali, jezd\u00edme po v\u00fdstav\u00e1ch, kde skl\u00edz\u00ed sam\u00e9 usp\u011bchy. Jsme na n\u011bj moc hrd\u00ed, proto\u017ee se i u\u017easn\u011b prezentuje, je moc u\u010denliv\u00fd a v\u0161e je sn\u00edm t\u00e9m\u011b\u0159 zadarmo. Ov\u0161em, abych ho jen nechv\u00e1lila moment\u00e1ln\u011b proch\u00e1z\u00ed pubertou a sem tam, r\u00e1d doma n\u011bco rozkou\u0161e, ale kter\u00fd pes tohle neud\u011blal \u017ee \ud83d\ude00<\/p>\n<p style=\"text-align: center;\"><strong>Bucif\u00e1l m\u00e1 zasebou \u0159adu v\u00fdstav, nejv\u011bt\u0161\u00ed usp\u011bchy- 16.10. 2018 se sta \u010cesk\u00fdm junior \u0161ampionem. V lednu 2019 se u\u010dasnil sout\u011b\u017ee \u0160ampion \u0160ampion\u016f a v hned v \u00fanoru na Mezin\u00e1rodn\u00ed v\u00fdstav\u011b v Brn\u011b m\u00e1me \u010dekatelstv\u00ed na \u010cesk\u00e9ho \u0161ampiona a Buc\u00edk dostal nominaci na presti\u017en\u00ed v\u00fdstavu v Lond\u00fdn\u011b v roce 2020 Crufts.<\/strong><\/p>\n<p style=\"text-align: center;\"><a href=\"http:\/\/www.sweetbazl.cz\/wp-content\/uploads\/2018\/09\/IMG_6547-1.jpg\"><img decoding=\"async\" loading=\"lazy\" class=\"alignnone size-medium wp-image-278\" src=\"http:\/\/www.sweetbazl.cz\/wp-content\/uploads\/2018\/09\/IMG_6547-1-300x228.jpg\" alt=\"IMG_6547\" width=\"300\" height=\"228\" srcset=\"https:\/\/www.sweetbazl.cz\/wp-content\/uploads\/2018\/09\/IMG_6547-1-300x228.jpg 300w, https:\/\/www.sweetbazl.cz\/wp-content\/uploads\/2018\/09\/IMG_6547-1-768x584.jpg 768w, https:\/\/www.sweetbazl.cz\/wp-content\/uploads\/2018\/09\/IMG_6547-1-1024x778.jpg 1024w, https:\/\/www.sweetbazl.cz\/wp-content\/uploads\/2018\/09\/IMG_6547-1-1140x866.jpg 1140w\" sizes=\"(max-width: 300px) 100vw, 300px\" \/><\/a><\/p>\n<p style=\"text-align: center;\">\n<p>&nbsp;<\/p>\n","protected":false},"excerpt":{"rendered":"<p>Bucif\u00e1lek Heartily knockout Narozen: 1.11.2017 V\u00e1ha: 10kg Chovn\u00fd (Bonitov\u00e1n) 1.12.2018 Bucif\u00e1lka jsme si p\u0159ivezli v \u00fanoru 2018 ze Srbska. Cht\u011bli jsme &#8222;novou, nep\u0159\u00edbuznou krev&#8220;, kter\u00e1 v \u010cR je\u0161t\u011b nen\u00ed. Buc\u00edk je u\u017easn\u00fd pohod\u00e1\u0159 a mysl\u00edm, \u017ee to potvrd\u00ed ka\u017ed\u00fd, kdo se sn\u00edm potkal.Od mali\u010dka jsme ho spr\u00e1vn\u011b socializovali, jezd\u00edme po v\u00fdstav\u00e1ch, kde skl\u00edz\u00ed sam\u00e9 usp\u011bchy.<span class=\"excerpt-ellipsis\">&#8230;<\/span><\/p>\n<p><a class=\"more-link\" href=\"https:\/\/www.sweetbazl.cz\/?page_id=226\" itemprop=\"url\">Continue Reading<\/a><\/p>\n","protected":false},"author":1,"featured_media":0,"parent":0,"menu_order":0,"comment_status":"closed","ping_status":"closed","template":"","meta":[],"_links":{"self":[{"href":"https:\/\/www.sweetbazl.cz\/index.php?rest_route=\/wp\/v2\/pages\/226"}],"collection":[{"href":"https:\/\/www.sweetbazl.cz\/index.php?rest_route=\/wp\/v2\/pages"}],"about":[{"href":"https:\/\/www.sweetbazl.cz\/index.php?rest_route=\/wp\/v2\/types\/page"}],"author":[{"embeddable":true,"href":"https:\/\/www.sweetbazl.cz\/index.php?rest_route=\/wp\/v2\/users\/1"}],"replies":[{"embeddable":true,"href":"https:\/\/www.sweetbazl.cz\/index.php?rest_route=%2Fwp%2Fv2%2Fcomments&post=226"}],"version-history":[{"count":4,"href":"https:\/\/www.sweetbazl.cz\/index.php?rest_route=\/wp\/v2\/pages\/226\/revisions"}],"predecessor-version":[{"id":279,"href":"https:\/\/www.sweetbazl.cz\/index.php?rest_route=\/wp\/v2\/pages\/226\/revisions\/279"}],"wp:attachment":[{"href":"https:\/\/www.sweetbazl.cz\/index.php?rest_route=%2Fwp%2Fv2%2Fmedia&parent=226"}],"curies":[{"name":"wp","href":"https:\/\/api.w.org\/{rel}","templated":true}]}}