{"id":24,"date":"2016-11-20T19:42:59","date_gmt":"2016-11-20T18:42:59","guid":{"rendered":"http:\/\/www.sweetbazl.cz\/?page_id=24"},"modified":"2017-12-06T20:32:32","modified_gmt":"2017-12-06T19:32:32","slug":"bazalka","status":"publish","type":"page","link":"https:\/\/www.sweetbazl.cz\/?page_id=24","title":{"rendered":"Bazalka"},"content":{"rendered":"<h1 style=\"text-align: center;\"><strong>Bazalka<\/strong><\/h1>\n<h1 style=\"text-align: center;\"><strong>Darina od Libu\u0161in\u00fdch l\u00e1zn\u00ed <\/strong><\/h1>\n<hr \/>\n<p style=\"text-align: center;\"><em><strong>Datum narozen\u00ed 18.3.2013<\/strong><\/em><\/p>\n<p style=\"text-align: center;\"><em><strong>Bonitace dne 8.5.2014 (v roce 2017 kastrovan\u00e1)<br \/>\n<\/strong><\/em><\/p>\n<p style=\"text-align: center;\"><em><strong>Vy\u0161et\u0159en\u00ed luxace \u010d\u00e9\u0161ky (patelly): 0\/0<\/strong><\/em><\/p>\n<p style=\"text-align: center;\"><em><strong>Vy\u0161et\u0159en\u00ed o\u010dn\u00edch vad: Prost\u00e9<\/strong><\/em><\/p>\n<p style=\"text-align: center;\"><em><strong>V\u00e1ha: 7,5 kg<\/strong><\/em><\/p>\n<p style=\"text-align: center;\"><a href=\"http:\/\/www.sweetbazl.cz\/wp-content\/uploads\/2016\/11\/10690300_10202873753475930_6604392577855763838_n.jpg\"><img decoding=\"async\" loading=\"lazy\" class=\"wp-image-78 aligncenter\" src=\"http:\/\/www.sweetbazl.cz\/wp-content\/uploads\/2016\/11\/10690300_10202873753475930_6604392577855763838_n.jpg\" alt=\"10690300_10202873753475930_6604392577855763838_n\" width=\"243\" height=\"366\" srcset=\"https:\/\/www.sweetbazl.cz\/wp-content\/uploads\/2016\/11\/10690300_10202873753475930_6604392577855763838_n.jpg 637w, https:\/\/www.sweetbazl.cz\/wp-content\/uploads\/2016\/11\/10690300_10202873753475930_6604392577855763838_n-199x300.jpg 199w, https:\/\/www.sweetbazl.cz\/wp-content\/uploads\/2016\/11\/10690300_10202873753475930_6604392577855763838_n-126x190.jpg 126w\" sizes=\"(max-width: 243px) 100vw, 243px\" \/><\/a><strong>Povahov\u011b je Bazalka velice temperamentn\u00ed, \u017eiv\u00e1, seb\u011bv\u011bdom\u00e1 a inteligentn\u00ed. M\u00e1 velk\u00e9 srd\u00ed\u010dko, k rodin\u011b a zn\u00e1m\u00fdm je velice p\u0159\u00e1telsk\u00e1, k ciz\u00edm lidem je ze za\u010d\u00e1tku ned\u016fv\u011b\u0159iv\u00e1. Je vesel\u00e1 a jako ka\u017ed\u00fd bostonek zt\u0159e\u0161t\u011bn\u00e1 a hrav\u00e1 \ud83d\ude42<\/strong><\/p>\n<p style=\"text-align: center;\"><em>Bazalka je maminkou Vrhu A,C a D teda 12 kr\u00e1sn\u00fdch bostonk\u016f, kte\u0159\u00ed maj\u00ed v\u00fdborn\u00e9 zdrav\u00fd a d\u011blaj\u00ed p\u00e1n\u00ed\u010dk\u016fm jen radost. P\u0159i posledn\u00edm vrhu v \u010dervenci 2017 byla Baz kastrov\u00e1na a z\u016fst\u00e1v\u00e1 u n\u00e1s, u\u017e jen jako odslou\u017een\u00e1 maminka pro radost, kter\u00e1 m\u00e1 povinnosti za sebou a bude si u\u017e\u00edvat kr\u00e1sn\u00fd \u017eivot.\u00a0<\/em><\/p>\n<p style=\"text-align: center;\">Baz\u00ed\u010dek m\u011bla v roce 2017 o\u0161kliv\u00fd \u00faraz oka. P\u0159es ve\u0161kerou snahu veterin\u00e1\u0159\u016f se n\u00e1m oko po m\u011bs\u00ed\u010dn\u00ed l\u00e9\u010db\u011b, nepoda\u0159ilo zachr\u00e1nit a muselo ven. Bazalka se velice rychle ot\u0159epala a \u017eivot s jedn\u00edm okem zvl\u00e1d\u00e1 v\u00fdborn\u011b.<\/p>\n<p style=\"text-align: left;\"><a href=\"http:\/\/www.sweetbazl.cz\/wp-content\/uploads\/2016\/11\/IMG_3325.jpg\"><img decoding=\"async\" loading=\"lazy\" class=\"wp-image-81 aligncenter\" src=\"http:\/\/www.sweetbazl.cz\/wp-content\/uploads\/2016\/11\/IMG_3325-1024x767.jpg\" alt=\"img_3325\" width=\"694\" height=\"520\" srcset=\"https:\/\/www.sweetbazl.cz\/wp-content\/uploads\/2016\/11\/IMG_3325-1024x767.jpg 1024w, https:\/\/www.sweetbazl.cz\/wp-content\/uploads\/2016\/11\/IMG_3325-300x225.jpg 300w, https:\/\/www.sweetbazl.cz\/wp-content\/uploads\/2016\/11\/IMG_3325-768x575.jpg 768w, https:\/\/www.sweetbazl.cz\/wp-content\/uploads\/2016\/11\/IMG_3325-190x142.jpg 190w\" sizes=\"(max-width: 694px) 100vw, 694px\" \/><\/a><strong>V\u00fdstavy:<\/strong><\/p>\n<p style=\"text-align: left;\">Res. CAC CZ,<\/p>\n<p style=\"text-align: left;\">V\u00fdt\u011bz T\u0159\u00eddy<\/p>\n","protected":false},"excerpt":{"rendered":"<p>Bazalka Darina od Libu\u0161in\u00fdch l\u00e1zn\u00ed Datum narozen\u00ed 18.3.2013 Bonitace dne 8.5.2014 (v roce 2017 kastrovan\u00e1) Vy\u0161et\u0159en\u00ed luxace \u010d\u00e9\u0161ky (patelly): 0\/0 Vy\u0161et\u0159en\u00ed o\u010dn\u00edch vad: Prost\u00e9 V\u00e1ha: 7,5 kg Povahov\u011b je Bazalka velice temperamentn\u00ed, \u017eiv\u00e1, seb\u011bv\u011bdom\u00e1 a inteligentn\u00ed. M\u00e1 velk\u00e9 srd\u00ed\u010dko, k rodin\u011b a zn\u00e1m\u00fdm je velice p\u0159\u00e1telsk\u00e1, k ciz\u00edm lidem je ze za\u010d\u00e1tku ned\u016fv\u011b\u0159iv\u00e1. Je vesel\u00e1<span class=\"excerpt-ellipsis\">&#8230;<\/span><\/p>\n<p><a class=\"more-link\" href=\"https:\/\/www.sweetbazl.cz\/?page_id=24\" itemprop=\"url\">Continue Reading<\/a><\/p>\n","protected":false},"author":1,"featured_media":0,"parent":0,"menu_order":0,"comment_status":"closed","ping_status":"closed","template":"","meta":[],"_links":{"self":[{"href":"https:\/\/www.sweetbazl.cz\/index.php?rest_route=\/wp\/v2\/pages\/24"}],"collection":[{"href":"https:\/\/www.sweetbazl.cz\/index.php?rest_route=\/wp\/v2\/pages"}],"about":[{"href":"https:\/\/www.sweetbazl.cz\/index.php?rest_route=\/wp\/v2\/types\/page"}],"author":[{"embeddable":true,"href":"https:\/\/www.sweetbazl.cz\/index.php?rest_route=\/wp\/v2\/users\/1"}],"replies":[{"embeddable":true,"href":"https:\/\/www.sweetbazl.cz\/index.php?rest_route=%2Fwp%2Fv2%2Fcomments&post=24"}],"version-history":[{"count":4,"href":"https:\/\/www.sweetbazl.cz\/index.php?rest_route=\/wp\/v2\/pages\/24\/revisions"}],"predecessor-version":[{"id":191,"href":"https:\/\/www.sweetbazl.cz\/index.php?rest_route=\/wp\/v2\/pages\/24\/revisions\/191"}],"wp:attachment":[{"href":"https:\/\/www.sweetbazl.cz\/index.php?rest_route=%2Fwp%2Fv2%2Fmedia&parent=24"}],"curies":[{"name":"wp","href":"https:\/\/api.w.org\/{rel}","templated":true}]}}