{"id":26,"date":"2016-11-20T19:43:39","date_gmt":"2016-11-20T18:43:39","guid":{"rendered":"http:\/\/www.sweetbazl.cz\/?page_id=26"},"modified":"2023-02-17T18:13:39","modified_gmt":"2023-02-17T17:13:39","slug":"caramela","status":"publish","type":"page","link":"https:\/\/www.sweetbazl.cz\/?page_id=26","title":{"rendered":"Caramella"},"content":{"rendered":"<h1 style=\"text-align: center;\"><strong>Caramella Sweet Bazl<\/strong><\/h1>\n<hr \/>\n<p style=\"text-align: center;\"><em><strong>Datum narozen\u00ed 1.5.2016<\/strong><\/em><\/p>\n<p style=\"text-align: center;\"><em><strong>V\u00e1ha 8,5kg<\/strong><\/em><\/p>\n<p style=\"text-align: center;\"><em><strong>Chovn\u00e1 (bonitace):\u00a0 2.9.2017 &#8211;\u00a0 kastrace 2021<br \/>\n<\/strong><\/em><\/p>\n<p style=\"text-align: center;\"><em><strong>D\u011bdi\u010dn\u00e9 o\u010dn\u00ed vady: Prost\u00e9<\/strong><\/em><\/p>\n<p style=\"text-align: center;\"><em><strong>Luxace patelly: 0\/0<br \/>\n<\/strong><\/em><\/p>\n<p style=\"text-align: center;\"><strong><a href=\"http:\/\/www.sweetbazl.cz\/wp-content\/uploads\/2016\/11\/IMG_6109.jpg\"><img decoding=\"async\" loading=\"lazy\" class=\"wp-image-230 aligncenter\" src=\"http:\/\/www.sweetbazl.cz\/wp-content\/uploads\/2016\/11\/IMG_6109-300x265.jpg\" alt=\"IMG_6109\" width=\"331\" height=\"292\" srcset=\"https:\/\/www.sweetbazl.cz\/wp-content\/uploads\/2016\/11\/IMG_6109-300x265.jpg 300w, https:\/\/www.sweetbazl.cz\/wp-content\/uploads\/2016\/11\/IMG_6109-768x679.jpg 768w, https:\/\/www.sweetbazl.cz\/wp-content\/uploads\/2016\/11\/IMG_6109-1024x905.jpg 1024w, https:\/\/www.sweetbazl.cz\/wp-content\/uploads\/2016\/11\/IMG_6109-1140x1007.jpg 1140w\" sizes=\"(max-width: 331px) 100vw, 331px\" \/><\/a><\/strong><\/p>\n<p style=\"text-align: center;\"><strong>Caramella Sweet Bazl, bl\u00e1zniv\u00e9 torp\u00e9do, kter\u00e9 je v\u017edy vesele nalad\u011bno \ud83d\ude42 Caramella usp\u011b\u0161n\u011b absolvovala n\u011bkolik v\u00fdstav, stala se i Klubovou \u0161ampionkou. V z\u00e1\u0159\u00ed 2017 jsme Cam uchovnili. V \u00fanoru 2018 se j\u00ed narodila prvn\u00ed \u0161t\u011b\u0148\u00e1tka, \u00c9\u010dka. Caramellka byla u\u017easn\u00e1 maminka, kter\u00e1 si \u0161t\u011b\u0148\u00e1tka hl\u00eddala a velice p\u011bkn\u011b na prvorodi\u010dku se o n\u011b starala. Po prvn\u00edm vrhu se rychle ot\u0159epala a za\u010dla b\u00fdt zase jak hrav\u00e9 \u0161\u00eddlo.\u00a0<\/strong><\/p>\n<p style=\"text-align: center;\"><strong> Je neuv\u011b\u0159iteln\u011b hrav\u00e1 a miluje ps\u00ed kamo\u0161e, kdy\u017e si s pejskem sedne, vydr\u017e\u00ed si hodiny hr\u00e1t a blbnout. Caramell m\u00e1 skv\u011bl\u00e9 zdrav\u00fd, na veterinu chod\u00edme jen na o\u010dkov\u00e1n\u00ed a d\u00edky velk\u00fdm nosn\u00edm dirk\u00e1m nem\u00e1 probl\u00e9m s dechem jako n\u011bkte\u0159\u00ed Bostoni.<br \/>\n<\/strong><\/p>\n<h6 style=\"text-align: center;\"><span style=\"color: #000000;\">Cam\u00edsek u\u017e je zaslou\u017eil\u00e1 maminka a v roce 2021 jsme j\u00ed u posledn\u00edho vrhu J nechali vykastovat. Te\u010f u\u017e si bude jen u\u017e\u00edvat kr\u00e1sn\u00fd \u017eivot s n\u00e1mi \ud83d\ude42<\/span><\/h6>\n<p style=\"text-align: center;\"><a href=\"http:\/\/www.sweetbazl.cz\/wp-content\/uploads\/2016\/11\/13524439_1258538814178890_4932652383631740344_n.jpg\"><img decoding=\"async\" loading=\"lazy\" class=\"wp-image-131 aligncenter\" src=\"http:\/\/www.sweetbazl.cz\/wp-content\/uploads\/2016\/11\/13524439_1258538814178890_4932652383631740344_n.jpg\" alt=\"13524439_1258538814178890_4932652383631740344_n\" width=\"473\" height=\"315\" srcset=\"https:\/\/www.sweetbazl.cz\/wp-content\/uploads\/2016\/11\/13524439_1258538814178890_4932652383631740344_n.jpg 960w, https:\/\/www.sweetbazl.cz\/wp-content\/uploads\/2016\/11\/13524439_1258538814178890_4932652383631740344_n-300x200.jpg 300w, https:\/\/www.sweetbazl.cz\/wp-content\/uploads\/2016\/11\/13524439_1258538814178890_4932652383631740344_n-768x512.jpg 768w\" sizes=\"(max-width: 473px) 100vw, 473px\" \/><\/a><\/p>\n<p style=\"text-align: left;\">V\u00fdstavy:<\/p>\n<ul>\n<li style=\"text-align: left;\">3.9.2016 Klubov\u00e1 v\u00fdstava Mlad\u00e1 boleslav VN1<\/li>\n<li style=\"text-align: left;\">1.10.2016 Oblastn\u00ed v\u00fdstava D\u017eb\u00e1n VN1<\/li>\n<li style=\"text-align: left;\">2.10.2016 Oblastn\u00ed v\u00fdstava Rychety VN1<\/li>\n<li style=\"text-align: left;\">9.10.2016 Mezin\u00e1rodn\u00ed v\u00fdstava ps\u016f \u010cesk\u00e9 Bud\u011bjovice VN1<\/li>\n<li style=\"text-align: left;\">30.10.2016 Mezin\u00e1rodn\u00ed v\u00fdstava ps\u016f Praha VN3<\/li>\n<li style=\"text-align: left;\">27.5. 2017 Krajsk\u00e1 v\u00fdstava Plze\u0148 V2<\/li>\n<li style=\"text-align: left;\">2.9.2017 Klubov\u00e1 v\u00fdstava Mlad\u00e1 Boleslav V3<\/li>\n<li style=\"text-align: left;\">30.9. 2017 Oblastn\u00ed v\u00fdstava D\u017eb\u00e1n V1, V\u00edt\u011bz t\u0159\u00eddy, krajsk\u00fd v\u00edt\u011bz<\/li>\n<li style=\"text-align: left;\">14.10 2017 Krajsk\u00e1 v\u00fdstava Litom\u011b\u0159ice V1, V\u00edt\u011bz t\u0159\u00eddy, Krajsk\u00fd v\u00edt\u011bz<\/li>\n<li style=\"text-align: left;\">15.10.2017 Krajsk\u00e1 v\u00fdstava Rychety V1, V\u00edt\u011bz t\u0159\u00eddy, Krajsk\u00fd v\u00edt\u011bz<\/li>\n<li style=\"text-align: left;\">5.11.2017 Mezin\u00e1rodn\u00ed v\u00fdstava ps\u016f Praha V3<\/li>\n<li style=\"text-align: left;\">18.11 2017 Svatomart\u00ednsk\u00e1 v\u00fdstava ps\u016f V1. V\u00edt\u011bz t\u0159\u00eddy<\/li>\n<li style=\"text-align: left;\">8.5.2018 Poj\u00edzersk\u00e1 v\u00fdstava\u00a0 V4<\/li>\n<li style=\"text-align: left;\">15.7.2018 \u010cesk\u00e1 n\u00e1rodn\u00ed v\u00fdstava ps\u016f V2 R. CAC<\/li>\n<li style=\"text-align: left;\">4.8.2018 Oblastn\u00ed Kladno V1 VT, KV<\/li>\n<li style=\"text-align: left;\">1.9. 2018 v\u00fdstava ps\u016f D\u017eb\u00e1n V1 VT,<\/li>\n<li style=\"text-align: left;\">15.9.2018 Klubov\u00e1 v\u00fdstava MB V3<\/li>\n<li style=\"text-align: left;\">Klubov\u00fd \u0160ampion 2018<\/li>\n<\/ul>\n<p style=\"text-align: center;\"><a href=\"http:\/\/www.sweetbazl.cz\/wp-content\/uploads\/2016\/11\/IMG_5436.jpg\"><img decoding=\"async\" loading=\"lazy\" class=\"wp-image-129 aligncenter\" src=\"http:\/\/www.sweetbazl.cz\/wp-content\/uploads\/2016\/11\/IMG_5436.jpg\" alt=\"img_5436\" width=\"697\" height=\"407\" srcset=\"https:\/\/www.sweetbazl.cz\/wp-content\/uploads\/2016\/11\/IMG_5436.jpg 4666w, https:\/\/www.sweetbazl.cz\/wp-content\/uploads\/2016\/11\/IMG_5436-300x175.jpg 300w, https:\/\/www.sweetbazl.cz\/wp-content\/uploads\/2016\/11\/IMG_5436-768x449.jpg 768w, https:\/\/www.sweetbazl.cz\/wp-content\/uploads\/2016\/11\/IMG_5436-1024x598.jpg 1024w, https:\/\/www.sweetbazl.cz\/wp-content\/uploads\/2016\/11\/IMG_5436-1140x666.jpg 1140w\" sizes=\"(max-width: 697px) 100vw, 697px\" \/><\/a><\/p>\n","protected":false},"excerpt":{"rendered":"<p>Caramella Sweet Bazl Datum narozen\u00ed 1.5.2016 V\u00e1ha 8,5kg Chovn\u00e1 (bonitace):\u00a0 2.9.2017 &#8211;\u00a0 kastrace 2021 D\u011bdi\u010dn\u00e9 o\u010dn\u00ed vady: Prost\u00e9 Luxace patelly: 0\/0 Caramella Sweet Bazl, bl\u00e1zniv\u00e9 torp\u00e9do, kter\u00e9 je v\u017edy vesele nalad\u011bno \ud83d\ude42 Caramella usp\u011b\u0161n\u011b absolvovala n\u011bkolik v\u00fdstav, stala se i Klubovou \u0161ampionkou. V z\u00e1\u0159\u00ed 2017 jsme Cam uchovnili. V \u00fanoru 2018 se j\u00ed narodila prvn\u00ed<span class=\"excerpt-ellipsis\">&#8230;<\/span><\/p>\n<p><a class=\"more-link\" href=\"https:\/\/www.sweetbazl.cz\/?page_id=26\" itemprop=\"url\">Continue Reading<\/a><\/p>\n","protected":false},"author":1,"featured_media":0,"parent":0,"menu_order":0,"comment_status":"closed","ping_status":"closed","template":"","meta":[],"_links":{"self":[{"href":"https:\/\/www.sweetbazl.cz\/index.php?rest_route=\/wp\/v2\/pages\/26"}],"collection":[{"href":"https:\/\/www.sweetbazl.cz\/index.php?rest_route=\/wp\/v2\/pages"}],"about":[{"href":"https:\/\/www.sweetbazl.cz\/index.php?rest_route=\/wp\/v2\/types\/page"}],"author":[{"embeddable":true,"href":"https:\/\/www.sweetbazl.cz\/index.php?rest_route=\/wp\/v2\/users\/1"}],"replies":[{"embeddable":true,"href":"https:\/\/www.sweetbazl.cz\/index.php?rest_route=%2Fwp%2Fv2%2Fcomments&post=26"}],"version-history":[{"count":14,"href":"https:\/\/www.sweetbazl.cz\/index.php?rest_route=\/wp\/v2\/pages\/26\/revisions"}],"predecessor-version":[{"id":357,"href":"https:\/\/www.sweetbazl.cz\/index.php?rest_route=\/wp\/v2\/pages\/26\/revisions\/357"}],"wp:attachment":[{"href":"https:\/\/www.sweetbazl.cz\/index.php?rest_route=%2Fwp%2Fv2%2Fmedia&parent=26"}],"curies":[{"name":"wp","href":"https:\/\/api.w.org\/{rel}","templated":true}]}}