{"id":260,"date":"2019-01-06T21:11:31","date_gmt":"2019-01-06T20:11:31","guid":{"rendered":"http:\/\/www.sweetbazl.cz\/?page_id=260"},"modified":"2019-04-22T12:14:54","modified_gmt":"2019-04-22T10:14:54","slug":"vrh-f","status":"publish","type":"page","link":"https:\/\/www.sweetbazl.cz\/?page_id=260","title":{"rendered":"Vrh F"},"content":{"rendered":"<p style=\"text-align: center;\"><span class=\" _2iem\">12.12.2018 se n\u00e1m narodila t\u0159i \u0161t\u011b\u0148\u00e1tka. Dva kluci a jedna hol\u010di\u010dka. Ze spojen\u00ed Dukatella Sweet Bazl a Uppy od Kopce Zeb\u00edna.<\/span><\/p>\n<p style=\"text-align: center;\">V\u00edce fotek https:\/\/www.facebook.com\/pg\/luludog.cz\/photos\/?tab=album&amp;album_id=2259154294359441<\/p>\n<p style=\"text-align: center;\"><strong>Fena Fusilla &#8211; reserve<br \/>\n<\/strong><\/p>\n<p style=\"text-align: center;\"><a href=\"http:\/\/www.sweetbazl.cz\/wp-content\/uploads\/2019\/01\/IMG_7882.jpg\"><img decoding=\"async\" loading=\"lazy\" class=\"alignnone wp-image-261\" src=\"http:\/\/www.sweetbazl.cz\/wp-content\/uploads\/2019\/01\/IMG_7882-1024x704.jpg\" alt=\"IMG_7882\" width=\"585\" height=\"402\" srcset=\"https:\/\/www.sweetbazl.cz\/wp-content\/uploads\/2019\/01\/IMG_7882-1024x704.jpg 1024w, https:\/\/www.sweetbazl.cz\/wp-content\/uploads\/2019\/01\/IMG_7882-300x206.jpg 300w, https:\/\/www.sweetbazl.cz\/wp-content\/uploads\/2019\/01\/IMG_7882-768x528.jpg 768w, https:\/\/www.sweetbazl.cz\/wp-content\/uploads\/2019\/01\/IMG_7882-1140x784.jpg 1140w\" sizes=\"(max-width: 585px) 100vw, 585px\" \/><\/a><\/p>\n<p style=\"text-align: center;\"><strong>Pes Flint- reserve<\/strong><\/p>\n<p style=\"text-align: center;\"><a href=\"http:\/\/www.sweetbazl.cz\/wp-content\/uploads\/2019\/01\/IMG_7842.jpg\"><img decoding=\"async\" loading=\"lazy\" class=\"alignnone wp-image-262\" src=\"http:\/\/www.sweetbazl.cz\/wp-content\/uploads\/2019\/01\/IMG_7842-1024x672.jpg\" alt=\"IMG_7842\" width=\"607\" height=\"398\" srcset=\"https:\/\/www.sweetbazl.cz\/wp-content\/uploads\/2019\/01\/IMG_7842-1024x672.jpg 1024w, https:\/\/www.sweetbazl.cz\/wp-content\/uploads\/2019\/01\/IMG_7842-300x197.jpg 300w, https:\/\/www.sweetbazl.cz\/wp-content\/uploads\/2019\/01\/IMG_7842-768x504.jpg 768w, https:\/\/www.sweetbazl.cz\/wp-content\/uploads\/2019\/01\/IMG_7842-1140x748.jpg 1140w\" sizes=\"(max-width: 607px) 100vw, 607px\" \/><\/a><\/p>\n<p style=\"text-align: center;\"><strong>Pes Fastfood- reserve<\/strong><\/p>\n<p style=\"text-align: center;\"><a href=\"http:\/\/www.sweetbazl.cz\/wp-content\/uploads\/2019\/01\/IMG_7869.jpg\"><img decoding=\"async\" loading=\"lazy\" class=\"alignnone wp-image-263\" src=\"http:\/\/www.sweetbazl.cz\/wp-content\/uploads\/2019\/01\/IMG_7869-1024x779.jpg\" alt=\"IMG_7869\" width=\"626\" height=\"476\" srcset=\"https:\/\/www.sweetbazl.cz\/wp-content\/uploads\/2019\/01\/IMG_7869-1024x779.jpg 1024w, https:\/\/www.sweetbazl.cz\/wp-content\/uploads\/2019\/01\/IMG_7869-300x228.jpg 300w, https:\/\/www.sweetbazl.cz\/wp-content\/uploads\/2019\/01\/IMG_7869-768x584.jpg 768w, https:\/\/www.sweetbazl.cz\/wp-content\/uploads\/2019\/01\/IMG_7869-1140x868.jpg 1140w\" sizes=\"(max-width: 626px) 100vw, 626px\" \/><\/a><\/p>\n<p style=\"text-align: left;\">Jeliko\u017e hodn\u011b lid\u00ed p\u0159ekvap\u00ed cena za \u0161t\u011b\u0148\u00e1tko Bostonsk\u00e9ho teriera, rozhodla jsem se poprv\u00e9 zdokumentovat a zve\u0159ejnit n\u00e1klady na n\u00e1\u0161 vrh E\u010dek. Mus\u00edm \u0159\u00edct, \u017ee a\u017e na drobnou komplikaci, se nevyskytl \u017e\u00e1dn\u00fd velk\u00fd probl\u00e9m. N\u00e1klady na ka\u017ed\u00fd vrch se m\u016f\u017eou li\u0161it, ale \u0159ekla bych, \u017ee tohle je zlat\u00fd pr\u016fm\u011br. nebudu po\u010d\u00edtat cenu za naftu, ale uvedu km, tak\u017ee si ka\u017ed\u00fd m\u016f\u017ee ud\u011blat obr\u00e1zek s\u00e1m.<\/p>\n<p style=\"text-align: left;\">V\u0161e to za\u010d\u00edn\u00e1 11.10 kdy jsme jeli na progesteron, aby jsme poznali, kdy m\u00e1 fena nejlep\u0161\u00ed den kryt\u00ed cena <strong>550,-\u00a0 <\/strong>plus nafta (15km). Na\u0161t\u011bst\u00ed test sta\u010dil jednou a 14.10 jsme jeli na kryt\u00ed cena <strong>10 000,- <\/strong>plus nafta (144km) 16.10 p\u0159ekryt\u00ed a znova (144km).<\/p>\n<p style=\"text-align: left;\">4.11 Dukatelce nebylo nejl\u00e9pe a m\u011bla v\u00fdtok s pipinky, jeli jsme za Dr. L\u00e1zni\u010dkou &#8211; specialista na reprodukci u zv\u00ed\u0159at. <strong>400,<\/strong>&#8211; sono a <strong>550,-<\/strong> vy\u0161et\u0159en\u00ed plus od\u010derven\u00ed. B\u0159ezost potvrzena na\u0161t\u011bst\u00ed Duk je v po\u0159\u00e1dku (nafta za 120km).<\/p>\n<p style=\"text-align: left;\">12.12 Dukatellka rod\u00ed! od 20h ji hl\u00edd\u00e1me v 23h p\u0159ich\u00e1z\u00ed doma prvn\u00ed \u0161t\u011bn\u011b, bohu\u017eel mrtv\u00e9, nakl\u00e1d\u00e1me fenu a jedeme na jednu z Pra\u017esk\u00fdch klinik, kde jsou ochotn\u00fd n\u00e1s vz\u00edt. Bohu\u017eel v noci nen\u00ed jednoduch\u00e9 veterin\u00e1rn\u00ed pomoc sehnat. Be\u017en\u00ed veterin\u00e1\u0159i ochotn\u00ed moc nejsou&#8230;. Na klinice (aa-vet) c\u00edsa\u0159 <strong>12 036,-<\/strong> ostatn\u00ed t\u0159i \u0161t\u011b\u0148\u00e1tka zachr\u00e1n\u011bna. P\u0159ij\u00ed\u017ed\u00edme domu v 6h r\u00e1no. Nafta cca 100km z kliniky jsme byli na 2h propu\u0161\u011bny a pak jsme se pro n\u011b vraceli.<\/p>\n<p style=\"text-align: left;\">13.12 kontrola <strong>494,- <\/strong>(nafta16km)<\/p>\n<p style=\"text-align: left;\">14.1 na\u0161e Dukatellka je apatick\u00e1, nic nej\u00ed a jen le\u017e\u00ed a smutn\u011b kouk\u00e1, veterina kde se d\u00edky rozboru krve zjist\u00ed nedostatek glukozy- kapa\u010dky <strong>1010,- <\/strong>(nafta 16km)<\/p>\n<p style=\"text-align: left;\">15.1. Za\u010d\u00edn\u00e1me p\u0159ikrmovat, granulky pro \u0161t\u011b\u0148\u00e1tka, cena za celou dobu u n\u00e1s co proba\u0161tily <strong>600,-<\/strong> plus su\u0161en\u00e9 ml\u00e9ko <strong>500,-<\/strong><\/p>\n<p style=\"text-align: left;\">4.2 O\u010dkov\u00e1n\u00ed a \u010dipov\u00e1n\u00ed \u0161t\u011b\u0148\u00e1tek pus vet prohl\u00eddka<strong> 3528,-<\/strong><\/p>\n<p style=\"text-align: left;\">5.2 Klub poplatek za \u0161t\u011b\u0148\u00e1tka plus za fenu (kryc\u00ed list) <strong>152,-<\/strong> plus <strong>180,-<\/strong><\/p>\n<p style=\"text-align: left;\">6.2 Jsme na\u0161\u00ed Fusilku nechalu preventivn\u011b na \u017e\u00e1dost nov\u00fdch majitel\u016f vy\u0161et\u0159it na patelly a no\u017ei\u010dky, p\u0159i\u0161lo jim , \u017ee Fusillka chod\u00ed zvla\u0161tn\u011b) Na\u0161t\u011bst\u00ed vet prohl\u00eddka dopadla perfektn\u011b patelly 0\/0 v 7 t\u00fddnech a jinak v\u0161e v po\u0159\u00e1dku cena <strong>220,-<\/strong> (naftu nepo\u010d\u00edtam, jeli jsme tam kvuli druh\u00e9 fence, za vyhl\u00e1\u0161en\u00fdm, dr Musilem do \u010cesk\u00e9ho Brodu)<\/p>\n<p style=\"text-align: left;\">7.2 Bal\u00ed\u010dky pro \u0161t\u011b\u0148\u00e1tka do nov\u00fdch domov\u016f <strong>1200,-<\/strong><\/p>\n<p style=\"text-align: left;\">Od\u010dervov\u00e1n\u00ed \u0161t\u011b\u0148at ka\u017ed\u00fdch 14dn\u00ed pasta Banminth 345,- vypot\u0159ebovali dv\u011b <strong>690,-<\/strong> celkem plus od\u010derven\u00ed feny- tableta <strong>60,- <\/strong><\/p>\n<p style=\"text-align: left;\">Ka\u017edy den jsem d\u00e1vala pr\u00e1t pra\u010dku, proto\u017ee \u0161t\u011b\u0148\u00e1tka \u010duraj\u00ed a kakaj\u00ed a jestli je chcete dr\u017eet v \u010distot\u011b je to nutnost- nem\u00e1m spo\u010ditan\u00e9 energie ani vodu, ale tak\u00e9 to k tomu pat\u0159\u00ed, plus \u010dist\u00edc\u00ed a dezinfek\u010dn\u00ed prost\u0159edky, p\u0159ece jen s n\u00e1mi vyrustaj\u00ed v obyv\u00e1ku a udr\u017eet v\u0161e \u010dist\u00e9 n\u011bco stoj\u00ed. Podlo\u017eky pod \u0161t\u011b\u0148\u00e1tka nem\u00e1m spo\u010d\u00edtan\u00e9, ale mysl\u00edm, \u017ee minim\u00e1ln\u011b dal\u0161\u00ed 1000,- to ur\u010dit\u011b bylo mo\u017en\u00e1 i v\u00edce&#8230;.<\/p>\n<p style=\"text-align: left;\">Fena pot\u0159ebovala kvalitn\u00ed jidlo, byla mlsn\u00e1 a vyb\u00edrav\u00e1 utratila jsem za tohle obdob\u00ed pro n\u00ed jen za \u017er\u00e1dlo <strong>2000,-<\/strong> (konzervy, granule, maso)<strong> 600,-<\/strong> Calopet pasty, kter\u00e9 fen\u011b dod\u00e1vaj\u00ed energii a pro Duk to bylo t\u0159eba.<\/p>\n<p style=\"text-align: left;\">Kolem konce b\u0159ezna p\u0159i\u0161ly prukazy p\u016fvodu \u0161t\u011b\u0148\u00e1tk\u016fm plus registrace feny- dob\u00edrka za <strong>1250,-<\/strong> Posl\u00e1n\u00ed PP doporu\u010den\u011b po\u0161tou nov\u00fdm majitel\u016fm dal\u0161\u00edch cca <strong>150,-<\/strong> (ob\u00e1lky- po\u0161ta)<\/p>\n","protected":false},"excerpt":{"rendered":"<p>12.12.2018 se n\u00e1m narodila t\u0159i \u0161t\u011b\u0148\u00e1tka. Dva kluci a jedna hol\u010di\u010dka. Ze spojen\u00ed Dukatella Sweet Bazl a Uppy od Kopce Zeb\u00edna. V\u00edce fotek https:\/\/www.facebook.com\/pg\/luludog.cz\/photos\/?tab=album&amp;album_id=2259154294359441 Fena Fusilla &#8211; reserve Pes Flint- reserve Pes Fastfood- reserve Jeliko\u017e hodn\u011b lid\u00ed p\u0159ekvap\u00ed cena za \u0161t\u011b\u0148\u00e1tko Bostonsk\u00e9ho teriera, rozhodla jsem se poprv\u00e9 zdokumentovat a zve\u0159ejnit n\u00e1klady na n\u00e1\u0161 vrh E\u010dek.<span class=\"excerpt-ellipsis\">&#8230;<\/span><\/p>\n<p><a class=\"more-link\" href=\"https:\/\/www.sweetbazl.cz\/?page_id=260\" itemprop=\"url\">Continue Reading<\/a><\/p>\n","protected":false},"author":1,"featured_media":0,"parent":0,"menu_order":0,"comment_status":"closed","ping_status":"closed","template":"","meta":[],"_links":{"self":[{"href":"https:\/\/www.sweetbazl.cz\/index.php?rest_route=\/wp\/v2\/pages\/260"}],"collection":[{"href":"https:\/\/www.sweetbazl.cz\/index.php?rest_route=\/wp\/v2\/pages"}],"about":[{"href":"https:\/\/www.sweetbazl.cz\/index.php?rest_route=\/wp\/v2\/types\/page"}],"author":[{"embeddable":true,"href":"https:\/\/www.sweetbazl.cz\/index.php?rest_route=\/wp\/v2\/users\/1"}],"replies":[{"embeddable":true,"href":"https:\/\/www.sweetbazl.cz\/index.php?rest_route=%2Fwp%2Fv2%2Fcomments&post=260"}],"version-history":[{"count":8,"href":"https:\/\/www.sweetbazl.cz\/index.php?rest_route=\/wp\/v2\/pages\/260\/revisions"}],"predecessor-version":[{"id":288,"href":"https:\/\/www.sweetbazl.cz\/index.php?rest_route=\/wp\/v2\/pages\/260\/revisions\/288"}],"wp:attachment":[{"href":"https:\/\/www.sweetbazl.cz\/index.php?rest_route=%2Fwp%2Fv2%2Fmedia&parent=260"}],"curies":[{"name":"wp","href":"https:\/\/api.w.org\/{rel}","templated":true}]}}