{"id":28,"date":"2016-11-20T19:44:17","date_gmt":"2016-11-20T18:44:17","guid":{"rendered":"http:\/\/www.sweetbazl.cz\/?page_id=28"},"modified":"2021-04-10T19:47:05","modified_gmt":"2021-04-10T17:47:05","slug":"anuschka","status":"publish","type":"page","link":"https:\/\/www.sweetbazl.cz\/?page_id=28","title":{"rendered":"Anuschka"},"content":{"rendered":"<div class=\"img-simple span6 pull-right\"><\/div>\n<h1 style=\"text-align: center;\"><strong>Anuschka Pejsek na kl\u00ed\u010dek<\/strong><\/h1>\n<hr \/>\n<p style=\"text-align: center;\"><strong><span style=\"color: #ff0000;\">Datum narozen\u00ed 7.9.2010- 31.3.2021<\/span><\/strong><\/p>\n<p style=\"text-align: center;\">Anuschka um\u0159ela v 10,5 letech, m\u011bla nemocn\u00e9 srd\u00ed\u010dko. Do posledn\u00edho dne byla vesel\u00e1,byla to moje mal\u00e1 bojovnice. V noci se j\u00ed p\u0159it\u00ed\u017eilo a r\u00e1no mi um\u0159ela v n\u00e1ru\u010di. Moc m\u011b to bol\u00ed a nikdy na n\u00ed nezapomenu.\u2665 Moje prvn\u00ed a jedine\u010dn\u00e1 bostonka. \u2665<\/p>\n<p style=\"text-align: center;\">Nechovn\u00e1 \u2013 kastrovan\u00e1<\/p>\n<p style=\"text-align: center;\"><a href=\"http:\/\/www.sweetbazl.cz\/wp-content\/uploads\/2016\/11\/IMG_3988.jpg\"><img decoding=\"async\" loading=\"lazy\" class=\"alignnone size-medium wp-image-58\" src=\"http:\/\/www.sweetbazl.cz\/wp-content\/uploads\/2016\/11\/IMG_3988-300x200.jpg\" alt=\"img_3988\" width=\"300\" height=\"200\" srcset=\"https:\/\/www.sweetbazl.cz\/wp-content\/uploads\/2016\/11\/IMG_3988-300x200.jpg 300w, https:\/\/www.sweetbazl.cz\/wp-content\/uploads\/2016\/11\/IMG_3988-768x512.jpg 768w, https:\/\/www.sweetbazl.cz\/wp-content\/uploads\/2016\/11\/IMG_3988-1024x683.jpg 1024w, https:\/\/www.sweetbazl.cz\/wp-content\/uploads\/2016\/11\/IMG_3988-190x127.jpg 190w\" sizes=\"(max-width: 300px) 100vw, 300px\" \/><\/a><\/p>\n<p style=\"text-align: center;\"><em>\u00a0Jeliko\u017e m\u00e1 modr\u00e1 o\u010d\u00ed\u010dka je vy\u0159azena z chovu, proto jsem j\u00ed nechala vykastrovat. Nepodporuji mno\u017een\u00ed ps\u016f bez PP.<\/em><\/p>\n<p style=\"text-align: center;\"><strong>Anuschka je m\u016fj prvn\u00ed bostonek. D\u00edky n\u00ed jsem poznala jak je to u\u017easn\u00e9 plemeno. Povahov\u011b je nekonfliktn\u00ed, poslu\u0161n\u00e1 \u201eod p\u0159\u00edrody\u201c a neuv\u011b\u0159iteln\u011b milou\u010dk\u00e1. Ov\u0161em je to taky p\u011bkn\u00fd pali\u010d\u00e1k, kdy\u017e n\u011bco nechce d\u011blat, tak to prost\u011b d\u011blat nebude.<br \/>\n<\/strong><\/p>\n<p style=\"text-align: left;\"><a href=\"http:\/\/www.sweetbazl.cz\/wp-content\/uploads\/2016\/11\/IMG_4082.jpg\"><img decoding=\"async\" loading=\"lazy\" class=\" wp-image-55 alignleft\" src=\"http:\/\/www.sweetbazl.cz\/wp-content\/uploads\/2016\/11\/IMG_4082-300x234.jpg\" alt=\"img_4082\" width=\"312\" height=\"243\" srcset=\"https:\/\/www.sweetbazl.cz\/wp-content\/uploads\/2016\/11\/IMG_4082-300x234.jpg 300w, https:\/\/www.sweetbazl.cz\/wp-content\/uploads\/2016\/11\/IMG_4082-768x600.jpg 768w, https:\/\/www.sweetbazl.cz\/wp-content\/uploads\/2016\/11\/IMG_4082-1024x800.jpg 1024w, https:\/\/www.sweetbazl.cz\/wp-content\/uploads\/2016\/11\/IMG_4082-190x148.jpg 190w\" sizes=\"(max-width: 312px) 100vw, 312px\" \/><\/a><\/p>\n<p style=\"text-align: left;\">S Anuschkou jsem vyzkou\u0161eli dogfresbee a agility, ale bohu\u017eel, kv\u016fli jej\u00edmu zdravotn\u00edmu stavu jsme to museli utnout a aportujeme ob\u010das jen pro Anuschky radost, kdy\u017e jej\u00ed zdravotn\u00ed stav dovol\u00ed. Je to obrovsk\u00e1 bojovnice a i p\u0159esto, \u017ee je hodn\u011b nemocn\u00e1, je neust\u00e1le vesel\u00e1 a je to m\u016fj velk\u00fd \u017eivotn\u00ed smajl\u00edk.<\/p>\n<p style=\"text-align: left;\">Anuschka je i velk\u00fd poseroutek a z\u00e1sadn\u011b nechod\u00ed ven, kdy\u017e je tam tma. Bohu\u017eel si r\u00e1ny\u00a0 (rachejtle, petardy, d\u011blobuchy) spojila s tmou, tak\u017ee se p\u0159\u00ed\u0161ern\u011b boj\u00ed! Zimn\u00ed obdob\u00ed moc v lasce nem\u00e1, ikdy\u017e b\u011bhem dne j\u00ed nevad\u00ed. Miluje podzimn\u00ed list\u00ed, kter\u00e9 chce kopat a dovad\u00ed v n\u011bm.<\/p>\n<p style=\"text-align: center;\"><em><strong>Jak Anuschku pozn\u00e1te? No, kdy\u017e n\u00e1hodou p\u0159ehl\u00eddnete ty jej\u00ed modr\u00e9 o\u010d\u00ed\u010dka, tak se pod\u00edvejte pod nohy, ur\u010dit\u011b v\u00e1m donese kam\u00ednek, kter\u00fd bude cht\u00edt h\u00e1zet.<\/strong> <\/em><\/p>\n<p style=\"text-align: center;\"><a href=\"http:\/\/www.sweetbazl.cz\/wp-content\/uploads\/2016\/11\/DSCN1215_Fotor.jpg\"><img decoding=\"async\" loading=\"lazy\" class=\" wp-image-105 aligncenter\" src=\"http:\/\/www.sweetbazl.cz\/wp-content\/uploads\/2016\/11\/DSCN1215_Fotor.jpg\" alt=\"dscn1215_fotor\" width=\"594\" height=\"463\" srcset=\"https:\/\/www.sweetbazl.cz\/wp-content\/uploads\/2016\/11\/DSCN1215_Fotor.jpg 4354w, https:\/\/www.sweetbazl.cz\/wp-content\/uploads\/2016\/11\/DSCN1215_Fotor-300x234.jpg 300w, https:\/\/www.sweetbazl.cz\/wp-content\/uploads\/2016\/11\/DSCN1215_Fotor-768x599.jpg 768w, https:\/\/www.sweetbazl.cz\/wp-content\/uploads\/2016\/11\/DSCN1215_Fotor-1024x798.jpg 1024w, https:\/\/www.sweetbazl.cz\/wp-content\/uploads\/2016\/11\/DSCN1215_Fotor-190x148.jpg 190w\" sizes=\"(max-width: 594px) 100vw, 594px\" \/><\/a><\/p>\n<p style=\"text-align: center;\"><strong>Anuschka \ud83d\ude42<\/strong><\/p>\n<p>&nbsp;<\/p>\n<p>&nbsp;<\/p>\n","protected":false},"excerpt":{"rendered":"<p>Anuschka Pejsek na kl\u00ed\u010dek Datum narozen\u00ed 7.9.2010- 31.3.2021 Anuschka um\u0159ela v 10,5 letech, m\u011bla nemocn\u00e9 srd\u00ed\u010dko. Do posledn\u00edho dne byla vesel\u00e1,byla to moje mal\u00e1 bojovnice. V noci se j\u00ed p\u0159it\u00ed\u017eilo a r\u00e1no mi um\u0159ela v n\u00e1ru\u010di. Moc m\u011b to bol\u00ed a nikdy na n\u00ed nezapomenu.\u2665 Moje prvn\u00ed a jedine\u010dn\u00e1 bostonka. \u2665 Nechovn\u00e1 \u2013 kastrovan\u00e1 \u00a0Jeliko\u017e<span class=\"excerpt-ellipsis\">&#8230;<\/span><\/p>\n<p><a class=\"more-link\" href=\"https:\/\/www.sweetbazl.cz\/?page_id=28\" itemprop=\"url\">Continue Reading<\/a><\/p>\n","protected":false},"author":1,"featured_media":0,"parent":0,"menu_order":0,"comment_status":"closed","ping_status":"closed","template":"","meta":[],"_links":{"self":[{"href":"https:\/\/www.sweetbazl.cz\/index.php?rest_route=\/wp\/v2\/pages\/28"}],"collection":[{"href":"https:\/\/www.sweetbazl.cz\/index.php?rest_route=\/wp\/v2\/pages"}],"about":[{"href":"https:\/\/www.sweetbazl.cz\/index.php?rest_route=\/wp\/v2\/types\/page"}],"author":[{"embeddable":true,"href":"https:\/\/www.sweetbazl.cz\/index.php?rest_route=\/wp\/v2\/users\/1"}],"replies":[{"embeddable":true,"href":"https:\/\/www.sweetbazl.cz\/index.php?rest_route=%2Fwp%2Fv2%2Fcomments&post=28"}],"version-history":[{"count":7,"href":"https:\/\/www.sweetbazl.cz\/index.php?rest_route=\/wp\/v2\/pages\/28\/revisions"}],"predecessor-version":[{"id":340,"href":"https:\/\/www.sweetbazl.cz\/index.php?rest_route=\/wp\/v2\/pages\/28\/revisions\/340"}],"wp:attachment":[{"href":"https:\/\/www.sweetbazl.cz\/index.php?rest_route=%2Fwp%2Fv2%2Fmedia&parent=28"}],"curies":[{"name":"wp","href":"https:\/\/api.w.org\/{rel}","templated":true}]}}