{"id":331,"date":"2021-03-20T19:35:04","date_gmt":"2021-03-20T18:35:04","guid":{"rendered":"http:\/\/www.sweetbazl.cz\/?page_id=331"},"modified":"2026-02-01T21:26:54","modified_gmt":"2026-02-01T20:26:54","slug":"kryci-pes","status":"publish","type":"page","link":"https:\/\/www.sweetbazl.cz\/?page_id=331","title":{"rendered":"Kryc\u00ed psi"},"content":{"rendered":"<h2 style=\"text-align: center;\">Jake<\/h2>\n<h2 style=\"text-align: center;\">Cipido di Fidor Maria<\/h2>\n<p style=\"text-align: left;\"><strong>Chovn\u00fd od: 22.5.2024<\/strong><\/p>\n<p data-start=\"241\" data-end=\"300\"><strong data-start=\"241\" data-end=\"266\">Narozen: 11. 12. 2022<\/strong><br data-start=\"266\" data-end=\"269\" \/><strong data-start=\"269\" data-end=\"300\">Anglick\u00fd buldok \u2013 kryc\u00ed pes<\/strong><\/p>\n<p data-start=\"241\" data-end=\"300\"><a href=\"http:\/\/www.sweetbazl.cz\/wp-content\/uploads\/2026\/02\/IMG_7122-scaled.jpg\"><img decoding=\"async\" loading=\"lazy\" class=\"wp-image-607 alignleft\" src=\"http:\/\/www.sweetbazl.cz\/wp-content\/uploads\/2026\/02\/IMG_7122-1024x649.jpg\" alt=\"\" width=\"244\" height=\"155\" srcset=\"https:\/\/www.sweetbazl.cz\/wp-content\/uploads\/2026\/02\/IMG_7122-1024x649.jpg 1024w, https:\/\/www.sweetbazl.cz\/wp-content\/uploads\/2026\/02\/IMG_7122-300x190.jpg 300w, https:\/\/www.sweetbazl.cz\/wp-content\/uploads\/2026\/02\/IMG_7122-768x486.jpg 768w, https:\/\/www.sweetbazl.cz\/wp-content\/uploads\/2026\/02\/IMG_7122-1536x973.jpg 1536w, https:\/\/www.sweetbazl.cz\/wp-content\/uploads\/2026\/02\/IMG_7122-2048x1297.jpg 2048w, https:\/\/www.sweetbazl.cz\/wp-content\/uploads\/2026\/02\/IMG_7122-1140x722.jpg 1140w\" sizes=\"(max-width: 244px) 100vw, 244px\" \/><\/a>Cupido di Fidor Mario, doma zn\u00e1m\u00fd jako <strong data-start=\"341\" data-end=\"349\">Jake<\/strong>, je n\u00e1\u0161 siln\u00fd, zdrav\u00fd a typick\u00fd p\u0159edstavitel anglick\u00e9ho buldoka. Je to pes s kr\u00e1snou stavbou t\u011bla, v\u00fdrazn\u00fdm buldo\u010d\u00edm typem a vyrovnanou, p\u0159\u00e1telskou povahou.<\/p>\n<p data-start=\"508\" data-end=\"698\">Jake je sebejist\u00fd, mil\u00fd a spolehliv\u00fd \u010dlen na\u0161\u00ed sme\u010dky. Do chovu je za\u0159azen s d\u016frazem na zdrav\u00ed, kondici a zachov\u00e1n\u00ed spr\u00e1vn\u00e9ho typu plemene. M\u00e1 ji\u017e sv\u00e9 prvn\u00ed potomky a jsme na n\u011b velmi py\u0161n\u00ed.<\/p>\n<h3 data-start=\"700\" data-end=\"721\">V\u00fdstavn\u00ed \u00fasp\u011bchy\u00a0 <a href=\"http:\/\/www.sweetbazl.cz\/wp-content\/uploads\/2026\/02\/IMG_6668.png\"><img decoding=\"async\" loading=\"lazy\" class=\" wp-image-608 alignright\" src=\"http:\/\/www.sweetbazl.cz\/wp-content\/uploads\/2026\/02\/IMG_6668-1024x675.png\" alt=\"\" width=\"344\" height=\"227\" srcset=\"https:\/\/www.sweetbazl.cz\/wp-content\/uploads\/2026\/02\/IMG_6668-1024x675.png 1024w, https:\/\/www.sweetbazl.cz\/wp-content\/uploads\/2026\/02\/IMG_6668-300x198.png 300w, https:\/\/www.sweetbazl.cz\/wp-content\/uploads\/2026\/02\/IMG_6668-768x507.png 768w, https:\/\/www.sweetbazl.cz\/wp-content\/uploads\/2026\/02\/IMG_6668-1536x1013.png 1536w, https:\/\/www.sweetbazl.cz\/wp-content\/uploads\/2026\/02\/IMG_6668-2048x1351.png 2048w, https:\/\/www.sweetbazl.cz\/wp-content\/uploads\/2026\/02\/IMG_6668-1140x752.png 1140w\" sizes=\"(max-width: 344px) 100vw, 344px\" \/><\/a><\/h3>\n<div class=\"relative basis-auto flex-col -mb-(--composer-overlap-px) [--composer-overlap-px:28px] grow flex\">\n<div class=\"flex flex-col text-sm pb-25\">\n<article class=\"text-token-text-primary w-full focus:outline-none [--shadow-height:45px] has-data-writing-block:pointer-events-none has-data-writing-block:-mt-(--shadow-height) has-data-writing-block:pt-(--shadow-height) [&amp;:has([data-writing-block])&gt;*]:pointer-events-auto scroll-mt-[calc(var(--header-height)+min(200px,max(70px,20svh)))]\" dir=\"auto\" tabindex=\"-1\" data-turn-id=\"request-697fa6d1-45ec-8396-b449-6a9be16a82ec-1\" data-testid=\"conversation-turn-20\" data-scroll-anchor=\"true\" data-turn=\"assistant\">\n<div class=\"text-base my-auto mx-auto pb-10 [--thread-content-margin:--spacing(4)] @w-sm\/main:[--thread-content-margin:--spacing(6)] @w-lg\/main:[--thread-content-margin:--spacing(16)] px-(--thread-content-margin)\">\n<div class=\"[--thread-content-max-width:40rem] @w-lg\/main:[--thread-content-max-width:48rem] mx-auto max-w-(--thread-content-max-width) flex-1 group\/turn-messages focus-visible:outline-hidden relative flex w-full min-w-0 flex-col agent-turn\" tabindex=\"-1\">\n<div class=\"flex max-w-full flex-col grow\">\n<div class=\"min-h-8 text-message relative flex w-full flex-col items-end gap-2 text-start break-words whitespace-normal [.text-message+&amp;]:mt-1\" dir=\"auto\" data-message-author-role=\"assistant\" data-message-id=\"802ba773-5960-4489-aa70-a0bd3cea2ec8\" data-message-model-slug=\"gpt-5-2\">\n<div class=\"flex w-full flex-col gap-1 empty:hidden first:pt-[1px]\">\n<div class=\"markdown prose dark:prose-invert w-full wrap-break-word light markdown-new-styling\">\n<ul data-start=\"722\" data-end=\"802\">\n<li data-start=\"722\" data-end=\"739\">\n<p data-start=\"724\" data-end=\"739\"><strong data-start=\"724\" data-end=\"737\">Puppy BOB<\/strong><\/p>\n<\/li>\n<li data-start=\"740\" data-end=\"755\">\n<p data-start=\"742\" data-end=\"755\"><strong data-start=\"742\" data-end=\"753\">CACIB-J<\/strong><\/p>\n<\/li>\n<li data-start=\"756\" data-end=\"767\">\n<p data-start=\"758\" data-end=\"767\"><strong data-start=\"758\" data-end=\"765\">BOJ<\/strong><\/p>\n<\/li>\n<li data-start=\"768\" data-end=\"782\">\n<p data-start=\"770\" data-end=\"782\"><strong data-start=\"770\" data-end=\"780\">3\u00d7 CAC<\/strong><\/p>\n<\/li>\n<li data-start=\"783\" data-end=\"802\">\n<p data-start=\"785\" data-end=\"802\"><strong data-start=\"785\" data-end=\"802\">Krajsk\u00fd v\u00edt\u011bz<\/strong><\/p>\n<\/li>\n<\/ul>\n<h3 data-start=\"804\" data-end=\"828\">Zdravotn\u00ed vy\u0161et\u0159en\u00ed:\u00a0 \u00a0 \u00a0 \u00a0 <a href=\"http:\/\/www.sweetbazl.cz\/wp-content\/uploads\/2026\/02\/IMG_6701.png\"><img decoding=\"async\" loading=\"lazy\" class=\"wp-image-609 alignright\" src=\"http:\/\/www.sweetbazl.cz\/wp-content\/uploads\/2026\/02\/IMG_6701-1024x683.png\" alt=\"\" width=\"344\" height=\"229\" srcset=\"https:\/\/www.sweetbazl.cz\/wp-content\/uploads\/2026\/02\/IMG_6701-1024x683.png 1024w, https:\/\/www.sweetbazl.cz\/wp-content\/uploads\/2026\/02\/IMG_6701-300x200.png 300w, https:\/\/www.sweetbazl.cz\/wp-content\/uploads\/2026\/02\/IMG_6701-768x512.png 768w, https:\/\/www.sweetbazl.cz\/wp-content\/uploads\/2026\/02\/IMG_6701-1536x1024.png 1536w, https:\/\/www.sweetbazl.cz\/wp-content\/uploads\/2026\/02\/IMG_6701-2048x1365.png 2048w, https:\/\/www.sweetbazl.cz\/wp-content\/uploads\/2026\/02\/IMG_6701-1140x760.png 1140w\" sizes=\"(max-width: 344px) 100vw, 344px\" \/><\/a><\/h3>\n<ul data-start=\"829\" data-end=\"954\">\n<li data-start=\"829\" data-end=\"863\">\n<p data-start=\"831\" data-end=\"863\"><strong data-start=\"831\" data-end=\"861\">BOAS: negativn\u00ed (stupe\u0148 0)<\/strong><\/p>\n<\/li>\n<li data-start=\"864\" data-end=\"893\">\n<p data-start=\"866\" data-end=\"893\"><strong data-start=\"866\" data-end=\"891\">Auskultace: v po\u0159\u00e1dku<\/strong><\/p>\n<\/li>\n<li data-start=\"894\" data-end=\"920\">\n<p data-start=\"896\" data-end=\"920\"><strong data-start=\"896\" data-end=\"918\">Trachea: v po\u0159\u00e1dku<\/strong><\/p>\n<\/li>\n<li data-start=\"921\" data-end=\"954\">\n<p data-start=\"923\" data-end=\"954\"><strong data-start=\"923\" data-end=\"954\">Echokardiografie: v po\u0159\u00e1dku<\/strong><\/p>\n<\/li>\n<\/ul>\n<p data-start=\"956\" data-end=\"1094\">Jake je k dispozici ke kryt\u00ed a v\u011b\u0159\u00edme, \u017ee bude p\u0159ed\u00e1vat nejen sv\u016fj kr\u00e1sn\u00fd exteri\u00e9r, ale p\u0159edev\u0161\u00edm zdrav\u00ed a skv\u011blou povahu i sv\u00fdm potomk\u016fm.<\/p>\n<p>Ve\u0161ker\u00e9 testy a rodokmen na vy\u017e\u00e1dan\u00ed.<\/p>\n<p style=\"text-align: center;\"><strong>Podm\u00ednky kryt\u00ed jsou p\u0159\u00edzniv\u00e9, v p\u0159\u00edpad\u011b z\u00e1jmu n\u00e1s nev\u00e1hejte kontaktovat ide\u00e1ln\u011b p\u0159es WhatsApp na \u010d\u00edsle 605 219 797 nebo e-mailem na sweetbazl@seznam.cz <\/strong><\/p>\n<\/div>\n<\/div>\n<\/div>\n<\/div>\n<\/div>\n<\/div>\n<\/article>\n<\/div>\n<\/div>\n<p style=\"text-align: center;\"><a href=\"http:\/\/www.sweetbazl.cz\/wp-content\/uploads\/2021\/03\/Jake-let\u00e1.jpg\"><img decoding=\"async\" loading=\"lazy\" class=\"wp-image-510 aligncenter\" src=\"http:\/\/www.sweetbazl.cz\/wp-content\/uploads\/2021\/03\/Jake-let\u00e1.jpg\" alt=\"Jake let\u00e1\" width=\"672\" height=\"540\" srcset=\"https:\/\/www.sweetbazl.cz\/wp-content\/uploads\/2021\/03\/Jake-let\u00e1.jpg 1000w, https:\/\/www.sweetbazl.cz\/wp-content\/uploads\/2021\/03\/Jake-let\u00e1-300x241.jpg 300w, https:\/\/www.sweetbazl.cz\/wp-content\/uploads\/2021\/03\/Jake-let\u00e1-768x617.jpg 768w\" sizes=\"(max-width: 672px) 100vw, 672px\" \/><\/a><\/p>\n<p style=\"text-align: center;\">Ve\u0161ker\u00e9 testy a rodokmen na vy\u017e\u00e1dan\u00ed.<\/p>\n<p style=\"text-align: center;\"><strong>P\u0159\u00edzniv\u00e9 podm\u00ednky kryt\u00ed.\u00a0\u00a0<\/strong><\/p>\n<p style=\"text-align: center;\">\n","protected":false},"excerpt":{"rendered":"<p>Jake Cipido di Fidor Maria Chovn\u00fd od: 22.5.2024 Narozen: 11. 12. 2022Anglick\u00fd buldok \u2013 kryc\u00ed pes Cupido di Fidor Mario, doma zn\u00e1m\u00fd jako Jake, je n\u00e1\u0161 siln\u00fd, zdrav\u00fd a typick\u00fd p\u0159edstavitel anglick\u00e9ho buldoka. Je to pes s kr\u00e1snou stavbou t\u011bla, v\u00fdrazn\u00fdm buldo\u010d\u00edm typem a vyrovnanou, p\u0159\u00e1telskou povahou. Jake je sebejist\u00fd, mil\u00fd a spolehliv\u00fd \u010dlen na\u0161\u00ed<span class=\"excerpt-ellipsis\">&#8230;<\/span><\/p>\n<p><a class=\"more-link\" href=\"https:\/\/www.sweetbazl.cz\/?page_id=331\" itemprop=\"url\">Continue Reading<\/a><\/p>\n","protected":false},"author":1,"featured_media":0,"parent":0,"menu_order":0,"comment_status":"closed","ping_status":"closed","template":"","meta":[],"_links":{"self":[{"href":"https:\/\/www.sweetbazl.cz\/index.php?rest_route=\/wp\/v2\/pages\/331"}],"collection":[{"href":"https:\/\/www.sweetbazl.cz\/index.php?rest_route=\/wp\/v2\/pages"}],"about":[{"href":"https:\/\/www.sweetbazl.cz\/index.php?rest_route=\/wp\/v2\/types\/page"}],"author":[{"embeddable":true,"href":"https:\/\/www.sweetbazl.cz\/index.php?rest_route=\/wp\/v2\/users\/1"}],"replies":[{"embeddable":true,"href":"https:\/\/www.sweetbazl.cz\/index.php?rest_route=%2Fwp%2Fv2%2Fcomments&post=331"}],"version-history":[{"count":8,"href":"https:\/\/www.sweetbazl.cz\/index.php?rest_route=\/wp\/v2\/pages\/331\/revisions"}],"predecessor-version":[{"id":610,"href":"https:\/\/www.sweetbazl.cz\/index.php?rest_route=\/wp\/v2\/pages\/331\/revisions\/610"}],"wp:attachment":[{"href":"https:\/\/www.sweetbazl.cz\/index.php?rest_route=%2Fwp%2Fv2%2Fmedia&parent=331"}],"curies":[{"name":"wp","href":"https:\/\/api.w.org\/{rel}","templated":true}]}}