{"id":384,"date":"2025-02-08T20:05:40","date_gmt":"2025-02-08T19:05:40","guid":{"rendered":"http:\/\/www.sweetbazl.cz\/?page_id=384"},"modified":"2025-05-28T17:13:57","modified_gmt":"2025-05-28T15:13:57","slug":"bibi","status":"publish","type":"page","link":"https:\/\/www.sweetbazl.cz\/?page_id=384","title":{"rendered":"Bibi"},"content":{"rendered":"<h1 style=\"text-align: center;\"><strong>Unique Jasmine Carallsa\u00a0<\/strong><\/h1>\n<h1 style=\"text-align: center;\"><strong>Bibi\u00a0<\/strong><\/h1>\n<h2 style=\"text-align: center;\"><span style=\"color: #993300;\">Narozena: 8.9.2020<\/span><\/h2>\n<h2 style=\"text-align: center;\"><span style=\"color: #993300;\">Chovn\u00e1: 16.10.2022<\/span><\/h2>\n<h2 style=\"text-align: center;\"><span style=\"color: #993300;\">DKK A<\/span><\/h2>\n<h2 style=\"text-align: center;\"><span style=\"color: #993300;\">DLK 0<\/span><\/h2>\n<h2 style=\"text-align: center;\"><span style=\"color: #993300;\">OCD negativn\u00ed\u00a0<\/span><\/h2>\n<p><a href=\"http:\/\/www.sweetbazl.cz\/wp-content\/uploads\/2025\/02\/Bibi-nov\u00e1.jpg\"><img decoding=\"async\" loading=\"lazy\" class=\"wp-image-517 aligncenter\" src=\"http:\/\/www.sweetbazl.cz\/wp-content\/uploads\/2025\/02\/Bibi-nov\u00e1.jpg\" alt=\"Bibi nov\u00e1\" width=\"611\" height=\"407\" srcset=\"https:\/\/www.sweetbazl.cz\/wp-content\/uploads\/2025\/02\/Bibi-nov\u00e1.jpg 5184w, https:\/\/www.sweetbazl.cz\/wp-content\/uploads\/2025\/02\/Bibi-nov\u00e1-300x200.jpg 300w, https:\/\/www.sweetbazl.cz\/wp-content\/uploads\/2025\/02\/Bibi-nov\u00e1-768x512.jpg 768w, https:\/\/www.sweetbazl.cz\/wp-content\/uploads\/2025\/02\/Bibi-nov\u00e1-1024x683.jpg 1024w, https:\/\/www.sweetbazl.cz\/wp-content\/uploads\/2025\/02\/Bibi-nov\u00e1-1140x760.jpg 1140w\" sizes=\"(max-width: 611px) 100vw, 611px\" \/><\/a><\/p>\n<p>Bibinka je na\u0161e prvn\u00ed bernsk\u00e1 hol\u010di\u010dka. Je to and\u011bl s \u010f\u00e1blem v t\u011ble. Na Bern\u00e1ka je dost \u017eiv\u00e1 a stra\u0161n\u011b moc chytr\u00e1.<\/p>\n","protected":false},"excerpt":{"rendered":"<p>Unique Jasmine Carallsa\u00a0 Bibi\u00a0 Narozena: 8.9.2020 Chovn\u00e1: 16.10.2022 DKK A DLK 0 OCD negativn\u00ed\u00a0 Bibinka je na\u0161e prvn\u00ed bernsk\u00e1 hol\u010di\u010dka. Je to and\u011bl s \u010f\u00e1blem v t\u011ble. Na Bern\u00e1ka je dost \u017eiv\u00e1 a stra\u0161n\u011b moc chytr\u00e1.<\/p>\n","protected":false},"author":1,"featured_media":0,"parent":0,"menu_order":0,"comment_status":"closed","ping_status":"closed","template":"","meta":[],"_links":{"self":[{"href":"https:\/\/www.sweetbazl.cz\/index.php?rest_route=\/wp\/v2\/pages\/384"}],"collection":[{"href":"https:\/\/www.sweetbazl.cz\/index.php?rest_route=\/wp\/v2\/pages"}],"about":[{"href":"https:\/\/www.sweetbazl.cz\/index.php?rest_route=\/wp\/v2\/types\/page"}],"author":[{"embeddable":true,"href":"https:\/\/www.sweetbazl.cz\/index.php?rest_route=\/wp\/v2\/users\/1"}],"replies":[{"embeddable":true,"href":"https:\/\/www.sweetbazl.cz\/index.php?rest_route=%2Fwp%2Fv2%2Fcomments&post=384"}],"version-history":[{"count":4,"href":"https:\/\/www.sweetbazl.cz\/index.php?rest_route=\/wp\/v2\/pages\/384\/revisions"}],"predecessor-version":[{"id":519,"href":"https:\/\/www.sweetbazl.cz\/index.php?rest_route=\/wp\/v2\/pages\/384\/revisions\/519"}],"wp:attachment":[{"href":"https:\/\/www.sweetbazl.cz\/index.php?rest_route=%2Fwp%2Fv2%2Fmedia&parent=384"}],"curies":[{"name":"wp","href":"https:\/\/api.w.org\/{rel}","templated":true}]}}