{"id":489,"date":"2025-02-08T20:03:25","date_gmt":"2025-02-08T19:03:25","guid":{"rendered":"http:\/\/www.sweetbazl.cz\/?page_id=489"},"modified":"2026-02-01T21:11:07","modified_gmt":"2026-02-01T20:11:07","slug":"babetka","status":"publish","type":"page","link":"https:\/\/www.sweetbazl.cz\/?page_id=489","title":{"rendered":"Babetka"},"content":{"rendered":"\n<p><\/p>\n\n\n\n<hr class=\"wp-block-separator has-alpha-channel-opacity\"\/>\n\n\n\n<h2 class=\"wp-block-heading\">Babeta-  Wonka z \u010certova Kv\u00edtka<\/h2>\n\n\n\n<p><strong>Narozen\u00e1: 25. 3. 2024<\/strong><br><strong>Uchovn\u011bn\u00e1: kv\u011bten 2025<\/strong><\/p>\n\n\n\n<figure class=\"wp-block-gallery has-nested-images columns-default is-cropped wp-block-gallery-1 is-layout-flex\"><div class=\"wp-block-image\">\n<figure class=\"aligncenter size-large\"><a href=\"https:\/\/www.sweetbazl.cz\/wp-content\/uploads\/2026\/02\/IMG_7814-scaled.jpg\"><img decoding=\"async\" loading=\"lazy\" width=\"1024\" height=\"644\" data-id=\"604\"  src=\"https:\/\/www.sweetbazl.cz\/wp-content\/uploads\/2026\/02\/IMG_7814-1024x644.jpg\" alt=\"\" class=\"wp-image-604\" srcset=\"https:\/\/www.sweetbazl.cz\/wp-content\/uploads\/2026\/02\/IMG_7814-1024x644.jpg 1024w, https:\/\/www.sweetbazl.cz\/wp-content\/uploads\/2026\/02\/IMG_7814-300x189.jpg 300w, https:\/\/www.sweetbazl.cz\/wp-content\/uploads\/2026\/02\/IMG_7814-768x483.jpg 768w, https:\/\/www.sweetbazl.cz\/wp-content\/uploads\/2026\/02\/IMG_7814-1536x965.jpg 1536w, https:\/\/www.sweetbazl.cz\/wp-content\/uploads\/2026\/02\/IMG_7814-2048x1287.jpg 2048w, https:\/\/www.sweetbazl.cz\/wp-content\/uploads\/2026\/02\/IMG_7814-1140x717.jpg 1140w\" sizes=\"(max-width: 1024px) 100vw, 1024px\" \/><\/a><\/figure><\/div><\/figure>\n\n\n\n<p>Babetka je na\u0161e fenka anglick\u00e9ho buldoka a z\u00e1rove\u0148 moje velk\u00e1 l\u00e1ska a spln\u011bn\u00fd sen. Je to opravdu kr\u00e1sn\u00e1 a v\u00fdrazn\u00e1 p\u0159edstavitelka plemene s typick\u00fdm buldo\u010d\u00edm v\u00fdrazem, siln\u00fdm charakterem a milou povahou.<\/p>\n\n\n\n<p>Babetka je velmi p\u0159\u00e1telsk\u00e1, kontaktn\u00ed a doma naprosto oddan\u00e1 \u010dlenka sme\u010dky. Z\u00e1rove\u0148 je to fenka, kter\u00e1 m\u00e1 svou vlastn\u00ed hlavu \u2013 jak u\u017e to u buldok\u016f b\u00fdv\u00e1. \ud83d\ude0a Manipulaci a o\u0161et\u0159ov\u00e1n\u00ed p\u0159\u00edli\u0161 nevyhled\u00e1v\u00e1, a nap\u0159\u00edklad st\u0159\u00edh\u00e1n\u00ed dr\u00e1pk\u016f je u n\u00ed v\u017edy velk\u00e1 v\u00fdzva.<\/p>\n\n\n\n<p>Na v\u00fdstav\u00e1ch se uk\u00e1zala jako velmi kr\u00e1sn\u00e1 fenka s velk\u00fdm potenci\u00e1lem, bohu\u017eel samotnou prezentaci ve v\u00fdstavn\u00edm kruhu nem\u00e1 p\u0159\u00edli\u0161 r\u00e1da a stresuje ji. Proto se soust\u0159ed\u00edme p\u0159edev\u0161\u00edm na jej\u00ed pohodu a spokojen\u00fd \u017eivot doma.<\/p>\n\n\n\n<p>Do budoucna se t\u011b\u0161\u00edme, \u017ee n\u00e1m snad jednou p\u0159inese i sv\u00e1 vlastn\u00ed \u0161t\u011b\u0148\u00e1tka a bude pokra\u010dovatelkou na\u0161eho chovu.<\/p>\n\n\n\n<figure class=\"wp-block-gallery has-nested-images columns-default is-cropped wp-block-gallery-3 is-layout-flex\"><div class=\"wp-block-image\">\n<figure class=\"aligncenter size-large\"><a href=\"https:\/\/www.sweetbazl.cz\/wp-content\/uploads\/2026\/02\/IMG_7284-scaled.jpg\"><img decoding=\"async\" loading=\"lazy\" width=\"1024\" height=\"744\" data-id=\"603\"  src=\"https:\/\/www.sweetbazl.cz\/wp-content\/uploads\/2026\/02\/IMG_7284-1024x744.jpg\" alt=\"\" class=\"wp-image-603\" srcset=\"https:\/\/www.sweetbazl.cz\/wp-content\/uploads\/2026\/02\/IMG_7284-1024x744.jpg 1024w, https:\/\/www.sweetbazl.cz\/wp-content\/uploads\/2026\/02\/IMG_7284-300x218.jpg 300w, https:\/\/www.sweetbazl.cz\/wp-content\/uploads\/2026\/02\/IMG_7284-768x558.jpg 768w, https:\/\/www.sweetbazl.cz\/wp-content\/uploads\/2026\/02\/IMG_7284-1536x1116.jpg 1536w, https:\/\/www.sweetbazl.cz\/wp-content\/uploads\/2026\/02\/IMG_7284-2048x1488.jpg 2048w, https:\/\/www.sweetbazl.cz\/wp-content\/uploads\/2026\/02\/IMG_7284-1140x828.jpg 1140w\" sizes=\"(max-width: 1024px) 100vw, 1024px\" \/><\/a><\/figure><\/div><\/figure>\n","protected":false},"excerpt":{"rendered":"<p>Babeta- Wonka z \u010certova Kv\u00edtka Narozen\u00e1: 25. 3. 2024Uchovn\u011bn\u00e1: kv\u011bten 2025 Babetka je na\u0161e fenka anglick\u00e9ho buldoka a z\u00e1rove\u0148 moje velk\u00e1 l\u00e1ska a spln\u011bn\u00fd sen. Je to opravdu kr\u00e1sn\u00e1 a v\u00fdrazn\u00e1 p\u0159edstavitelka plemene s typick\u00fdm buldo\u010d\u00edm v\u00fdrazem, siln\u00fdm charakterem a milou povahou. Babetka je velmi p\u0159\u00e1telsk\u00e1, kontaktn\u00ed a doma naprosto oddan\u00e1 \u010dlenka sme\u010dky. Z\u00e1rove\u0148 je<span class=\"excerpt-ellipsis\">&#8230;<\/span><\/p>\n<p><a class=\"more-link\" href=\"https:\/\/www.sweetbazl.cz\/?page_id=489\" itemprop=\"url\">Continue Reading<\/a><\/p>\n","protected":false},"author":1,"featured_media":0,"parent":0,"menu_order":0,"comment_status":"closed","ping_status":"closed","template":"","meta":[],"_links":{"self":[{"href":"https:\/\/www.sweetbazl.cz\/index.php?rest_route=\/wp\/v2\/pages\/489"}],"collection":[{"href":"https:\/\/www.sweetbazl.cz\/index.php?rest_route=\/wp\/v2\/pages"}],"about":[{"href":"https:\/\/www.sweetbazl.cz\/index.php?rest_route=\/wp\/v2\/types\/page"}],"author":[{"embeddable":true,"href":"https:\/\/www.sweetbazl.cz\/index.php?rest_route=\/wp\/v2\/users\/1"}],"replies":[{"embeddable":true,"href":"https:\/\/www.sweetbazl.cz\/index.php?rest_route=%2Fwp%2Fv2%2Fcomments&post=489"}],"version-history":[{"count":3,"href":"https:\/\/www.sweetbazl.cz\/index.php?rest_route=\/wp\/v2\/pages\/489\/revisions"}],"predecessor-version":[{"id":605,"href":"https:\/\/www.sweetbazl.cz\/index.php?rest_route=\/wp\/v2\/pages\/489\/revisions\/605"}],"wp:attachment":[{"href":"https:\/\/www.sweetbazl.cz\/index.php?rest_route=%2Fwp%2Fv2%2Fmedia&parent=489"}],"curies":[{"name":"wp","href":"https:\/\/api.w.org\/{rel}","templated":true}]}}