{"id":492,"date":"2025-02-08T20:03:50","date_gmt":"2025-02-08T19:03:50","guid":{"rendered":"http:\/\/www.sweetbazl.cz\/?page_id=492"},"modified":"2025-02-08T20:20:16","modified_gmt":"2025-02-08T19:20:16","slug":"jake","status":"publish","type":"page","link":"https:\/\/www.sweetbazl.cz\/?page_id=492","title":{"rendered":"Jake"},"content":{"rendered":"<h2 style=\"text-align: center;\">Jake<\/h2>\n<h2 style=\"text-align: center;\">Cipido di Fidor Maria<\/h2>\n<p style=\"text-align: center;\">Chovn\u00fd od: 22.5.2024<\/p>\n<p style=\"text-align: center;\"><strong>Narozen 11.12.2022<\/strong><\/p>\n<p style=\"text-align: center;\"><strong><a href=\"http:\/\/www.sweetbazl.cz\/wp-content\/uploads\/2025\/02\/IMG_9769.jpg\"><img decoding=\"async\" loading=\"lazy\" class=\"wp-image-503 aligncenter\" src=\"http:\/\/www.sweetbazl.cz\/wp-content\/uploads\/2025\/02\/IMG_9769.jpg\" alt=\"IMG_9769\" width=\"652\" height=\"453\" srcset=\"https:\/\/www.sweetbazl.cz\/wp-content\/uploads\/2025\/02\/IMG_9769.jpg 1000w, https:\/\/www.sweetbazl.cz\/wp-content\/uploads\/2025\/02\/IMG_9769-300x209.jpg 300w, https:\/\/www.sweetbazl.cz\/wp-content\/uploads\/2025\/02\/IMG_9769-768x534.jpg 768w\" sizes=\"(max-width: 652px) 100vw, 652px\" \/><\/a><\/strong><\/p>\n<p style=\"text-align: center;\">\n<p style=\"text-align: center;\"><strong>N\u00e1\u0161 prvn\u00ed Anglick\u00fd buldok. Jake z\u016fstaval necht\u011bn\u00fd u na\u0161\u00ed pani chovatelky a n\u011bjak se mu neda\u0159ilo naj\u00edt ten prav\u00fd domov. Bylo to asi znamen\u00ed a ja si pro n\u011bj jela, ikdy\u017e jsem nikdy buldoka necht\u011bla. NELITUJI Jake je u\u017easn\u00fd pes. Je to krasn\u00fd siln\u00fd pes a hlavn\u011b naprosto zdrav\u00fd ! V\u017edy jem si myslela, \u017ee buldok je lenoch, kter\u00fd sp\u00ed cel\u00fd den na gau\u010di. Opak je pravdou \ud83d\ude00\u00a0<\/strong><\/p>\n<p style=\"text-align: center;\">S Jakem jsme usp\u011b\u0161n\u011b podstoupili zdravotn\u00ed vy\u0161et\u0159en\u00ed, kter\u00e1 m\u00e1 v\u0161echny v po\u0159\u00e1dku. Je u\u017e chovn\u00fd a p\u0159ipraven ke kryt\u00ed. Na v\u00fdstavy tak\u00e9 chod\u00edme a Jakea je \u010dekatel \u010desk\u00e9ho \u0161ampiona, kter\u00e9ho snad letos dod\u011bl\u00e1me.<\/p>\n<p style=\"text-align: center;\"><a href=\"http:\/\/www.sweetbazl.cz\/wp-content\/uploads\/2025\/02\/IMG_9632.jpg\"><img decoding=\"async\" loading=\"lazy\" class=\" wp-image-504 aligncenter\" src=\"http:\/\/www.sweetbazl.cz\/wp-content\/uploads\/2025\/02\/IMG_9632.jpg\" alt=\"IMG_9632\" width=\"815\" height=\"516\" srcset=\"https:\/\/www.sweetbazl.cz\/wp-content\/uploads\/2025\/02\/IMG_9632.jpg 1000w, https:\/\/www.sweetbazl.cz\/wp-content\/uploads\/2025\/02\/IMG_9632-300x190.jpg 300w, https:\/\/www.sweetbazl.cz\/wp-content\/uploads\/2025\/02\/IMG_9632-768x486.jpg 768w\" sizes=\"(max-width: 815px) 100vw, 815px\" \/><\/a><\/p>\n<p style=\"text-align: left;\">\n","protected":false},"excerpt":{"rendered":"<p>Jake Cipido di Fidor Maria Chovn\u00fd od: 22.5.2024 Narozen 11.12.2022 N\u00e1\u0161 prvn\u00ed Anglick\u00fd buldok. Jake z\u016fstaval necht\u011bn\u00fd u na\u0161\u00ed pani chovatelky a n\u011bjak se mu neda\u0159ilo naj\u00edt ten prav\u00fd domov. Bylo to asi znamen\u00ed a ja si pro n\u011bj jela, ikdy\u017e jsem nikdy buldoka necht\u011bla. NELITUJI Jake je u\u017easn\u00fd pes. Je to krasn\u00fd siln\u00fd pes<span class=\"excerpt-ellipsis\">&#8230;<\/span><\/p>\n<p><a class=\"more-link\" href=\"https:\/\/www.sweetbazl.cz\/?page_id=492\" itemprop=\"url\">Continue Reading<\/a><\/p>\n","protected":false},"author":1,"featured_media":0,"parent":0,"menu_order":0,"comment_status":"closed","ping_status":"closed","template":"","meta":[],"_links":{"self":[{"href":"https:\/\/www.sweetbazl.cz\/index.php?rest_route=\/wp\/v2\/pages\/492"}],"collection":[{"href":"https:\/\/www.sweetbazl.cz\/index.php?rest_route=\/wp\/v2\/pages"}],"about":[{"href":"https:\/\/www.sweetbazl.cz\/index.php?rest_route=\/wp\/v2\/types\/page"}],"author":[{"embeddable":true,"href":"https:\/\/www.sweetbazl.cz\/index.php?rest_route=\/wp\/v2\/users\/1"}],"replies":[{"embeddable":true,"href":"https:\/\/www.sweetbazl.cz\/index.php?rest_route=%2Fwp%2Fv2%2Fcomments&post=492"}],"version-history":[{"count":3,"href":"https:\/\/www.sweetbazl.cz\/index.php?rest_route=\/wp\/v2\/pages\/492\/revisions"}],"predecessor-version":[{"id":505,"href":"https:\/\/www.sweetbazl.cz\/index.php?rest_route=\/wp\/v2\/pages\/492\/revisions\/505"}],"wp:attachment":[{"href":"https:\/\/www.sweetbazl.cz\/index.php?rest_route=%2Fwp%2Fv2%2Fmedia&parent=492"}],"curies":[{"name":"wp","href":"https:\/\/api.w.org\/{rel}","templated":true}]}}