{"id":521,"date":"2025-09-17T14:53:06","date_gmt":"2025-09-17T12:53:06","guid":{"rendered":"https:\/\/www.sweetbazl.cz\/?page_id=521"},"modified":"2025-09-17T14:53:06","modified_gmt":"2025-09-17T12:53:06","slug":"dorotky-blog","status":"publish","type":"page","link":"https:\/\/www.sweetbazl.cz\/?page_id=521","title":{"rendered":"Dorotky blog"},"content":{"rendered":"\n<h3 class=\"wp-block-heading\">\ud83d\udc3e V\u00edtejte na blogu Dorotky<\/h3>\n\n\n\n<p>Za\u010d\u00e1tek \u017eivota \u0161t\u011bn\u011bte je pln\u00fd radosti, objevov\u00e1n\u00ed, ale i ot\u00e1zek. V obdob\u00ed od 2\u20133 m\u011bs\u00edc\u016f \u010dek\u00e1 mal\u00e9ho pejska i jeho p\u00e1n\u00ed\u010dky spousta nov\u00fdch z\u00e1\u017eitk\u016f \u2013 prvn\u00ed proch\u00e1zky, seznamov\u00e1n\u00ed s okol\u00edm, p\u00e9\u010de o zdrav\u00ed i spr\u00e1vn\u00e1 v\u00fd\u017eiva.<\/p>\n\n\n\n<p>Na na\u0161em blogu se dozv\u00edte, co v\u0161echno je dobr\u00e9 p\u0159ipravit pro p\u0159\u00edchod \u0161t\u011bn\u011bte dom\u016f, jak mu zajistit bezpe\u010dn\u00e9 a pohodln\u00e9 prost\u0159ed\u00ed a jak pe\u010dovat o jeho zdrav\u00fd r\u016fst. P\u0159id\u00e1me i tipy z praxe \u2013 co se Dorotce osv\u011bd\u010dilo, co j\u00ed chutn\u00e1 a co j\u00ed naopak v\u016fbec ne\u0161lo pod \u010dum\u00e1kem.<\/p>\n\n\n\n<p>Pokud v\u00e1s \u010dek\u00e1 dobrodru\u017estv\u00ed se \u0161t\u011b\u0148\u00e1tkem, jste tu spr\u00e1vn\u011b. Dorotka v\u00e1m uk\u00e1\u017ee, \u017ee i mal\u00e9 tlapky mohou ud\u011blat v \u017eivot\u011b velk\u00e9 zm\u011bny. \ud83d\udc15\u2728<\/p>\n\n\n\n<div class=\"wp-block-file\"><object class=\"wp-block-file__embed\" data=\"https:\/\/www.sweetbazl.cz\/wp-content\/uploads\/2025\/09\/zivot_stenete_dorotky-1-2.pdf\" type=\"application\/pdf\" style=\"width:100%;height:600px\" aria-label=\"Vlo\u017eit z zivot_stenete_dorotky-1-2.\"><\/object><a id=\"wp-block-file--media-fca7b0ca-843b-4c61-b2b9-3bc0295483e9\" href=\"https:\/\/www.sweetbazl.cz\/wp-content\/uploads\/2025\/09\/zivot_stenete_dorotky-1-2.pdf\">zivot_stenete_dorotky-1-2<\/a><a href=\"https:\/\/www.sweetbazl.cz\/wp-content\/uploads\/2025\/09\/zivot_stenete_dorotky-1-2.pdf\" class=\"wp-block-file__button wp-element-button\" download aria-describedby=\"wp-block-file--media-fca7b0ca-843b-4c61-b2b9-3bc0295483e9\">St\u00e1hnout<\/a><\/div>\n\n\n\n<figure class=\"wp-block-gallery has-nested-images columns-default is-cropped wp-block-gallery-1 is-layout-flex\"><\/figure>\n\n\n\n<figure class=\"wp-block-gallery has-nested-images columns-default is-cropped wp-block-gallery-3 is-layout-flex\">\n<figure class=\"wp-block-image size-large\"><a href=\"https:\/\/www.sweetbazl.cz\/wp-content\/uploads\/2025\/09\/2db78ef0-8070-4c71-9043-3fab7c79cbef.png\"><img decoding=\"async\" loading=\"lazy\" width=\"683\" height=\"1024\" data-id=\"524\"  src=\"https:\/\/www.sweetbazl.cz\/wp-content\/uploads\/2025\/09\/2db78ef0-8070-4c71-9043-3fab7c79cbef-683x1024.png\" alt=\"\" class=\"wp-image-524\" srcset=\"https:\/\/www.sweetbazl.cz\/wp-content\/uploads\/2025\/09\/2db78ef0-8070-4c71-9043-3fab7c79cbef-683x1024.png 683w, https:\/\/www.sweetbazl.cz\/wp-content\/uploads\/2025\/09\/2db78ef0-8070-4c71-9043-3fab7c79cbef-200x300.png 200w, https:\/\/www.sweetbazl.cz\/wp-content\/uploads\/2025\/09\/2db78ef0-8070-4c71-9043-3fab7c79cbef-768x1152.png 768w, https:\/\/www.sweetbazl.cz\/wp-content\/uploads\/2025\/09\/2db78ef0-8070-4c71-9043-3fab7c79cbef.png 1024w\" sizes=\"(max-width: 683px) 100vw, 683px\" \/><\/a><\/figure>\n<\/figure>\n\n\n\n<p><\/p>\n","protected":false},"excerpt":{"rendered":"<p>\ud83d\udc3e V\u00edtejte na blogu Dorotky Za\u010d\u00e1tek \u017eivota \u0161t\u011bn\u011bte je pln\u00fd radosti, objevov\u00e1n\u00ed, ale i ot\u00e1zek. V obdob\u00ed od 2\u20133 m\u011bs\u00edc\u016f \u010dek\u00e1 mal\u00e9ho pejska i jeho p\u00e1n\u00ed\u010dky spousta nov\u00fdch z\u00e1\u017eitk\u016f \u2013 prvn\u00ed proch\u00e1zky, seznamov\u00e1n\u00ed s okol\u00edm, p\u00e9\u010de o zdrav\u00ed i spr\u00e1vn\u00e1 v\u00fd\u017eiva. Na na\u0161em blogu se dozv\u00edte, co v\u0161echno je dobr\u00e9 p\u0159ipravit pro p\u0159\u00edchod \u0161t\u011bn\u011bte dom\u016f,<span class=\"excerpt-ellipsis\">&#8230;<\/span><\/p>\n<p><a class=\"more-link\" href=\"https:\/\/www.sweetbazl.cz\/?page_id=521\" itemprop=\"url\">Continue Reading<\/a><\/p>\n","protected":false},"author":1,"featured_media":0,"parent":0,"menu_order":0,"comment_status":"closed","ping_status":"closed","template":"","meta":[],"_links":{"self":[{"href":"https:\/\/www.sweetbazl.cz\/index.php?rest_route=\/wp\/v2\/pages\/521"}],"collection":[{"href":"https:\/\/www.sweetbazl.cz\/index.php?rest_route=\/wp\/v2\/pages"}],"about":[{"href":"https:\/\/www.sweetbazl.cz\/index.php?rest_route=\/wp\/v2\/types\/page"}],"author":[{"embeddable":true,"href":"https:\/\/www.sweetbazl.cz\/index.php?rest_route=\/wp\/v2\/users\/1"}],"replies":[{"embeddable":true,"href":"https:\/\/www.sweetbazl.cz\/index.php?rest_route=%2Fwp%2Fv2%2Fcomments&post=521"}],"version-history":[{"count":1,"href":"https:\/\/www.sweetbazl.cz\/index.php?rest_route=\/wp\/v2\/pages\/521\/revisions"}],"predecessor-version":[{"id":530,"href":"https:\/\/www.sweetbazl.cz\/index.php?rest_route=\/wp\/v2\/pages\/521\/revisions\/530"}],"wp:attachment":[{"href":"https:\/\/www.sweetbazl.cz\/index.php?rest_route=%2Fwp%2Fv2%2Fmedia&parent=521"}],"curies":[{"name":"wp","href":"https:\/\/api.w.org\/{rel}","templated":true}]}}