{"id":594,"date":"2026-02-01T20:55:35","date_gmt":"2026-02-01T19:55:35","guid":{"rendered":"https:\/\/www.sweetbazl.cz\/?page_id=594"},"modified":"2026-02-01T20:55:35","modified_gmt":"2026-02-01T19:55:35","slug":"dorota","status":"publish","type":"page","link":"https:\/\/www.sweetbazl.cz\/?page_id=594","title":{"rendered":"Dorota"},"content":{"rendered":"\n<h2 class=\"wp-block-heading\">Dorotka Sweet Bazl<\/h2>\n\n\n\n<p><strong>Narozen\u00e1: 5. 6. 2025<\/strong><\/p>\n\n\n\n<figure class=\"wp-block-gallery has-nested-images columns-default is-cropped wp-block-gallery-1 is-layout-flex\"><div class=\"wp-block-image\">\n<figure class=\"aligncenter size-large\"><a href=\"https:\/\/www.sweetbazl.cz\/wp-content\/uploads\/2026\/02\/IMG_8113-scaled.jpg\"><img decoding=\"async\" loading=\"lazy\" width=\"1024\" height=\"741\" data-id=\"597\"  src=\"https:\/\/www.sweetbazl.cz\/wp-content\/uploads\/2026\/02\/IMG_8113-1024x741.jpg\" alt=\"\" class=\"wp-image-597\" srcset=\"https:\/\/www.sweetbazl.cz\/wp-content\/uploads\/2026\/02\/IMG_8113-1024x741.jpg 1024w, https:\/\/www.sweetbazl.cz\/wp-content\/uploads\/2026\/02\/IMG_8113-300x217.jpg 300w, https:\/\/www.sweetbazl.cz\/wp-content\/uploads\/2026\/02\/IMG_8113-768x556.jpg 768w, https:\/\/www.sweetbazl.cz\/wp-content\/uploads\/2026\/02\/IMG_8113-1536x1112.jpg 1536w, https:\/\/www.sweetbazl.cz\/wp-content\/uploads\/2026\/02\/IMG_8113-2048x1482.jpg 2048w, https:\/\/www.sweetbazl.cz\/wp-content\/uploads\/2026\/02\/IMG_8113-1140x825.jpg 1140w\" sizes=\"(max-width: 1024px) 100vw, 1024px\" \/><\/a><\/figure><\/div><\/figure>\n\n\n\n<p>Dorotka je na\u0161e mal\u00e1 bojovnice a doslova z\u00e1zrak. Narodila se jako jedin\u00e9 \u0161t\u011b\u0148\u00e1tko na\u0161\u00ed Nesse, kdy\u017e b\u0159ezost nebyla v\u016fbec jednoduch\u00e1 a dlouho to vypadalo, \u017ee se \u017e\u00e1dn\u00e9 \u0161t\u011b\u0148\u00e1tko neudr\u017e\u00ed. Nakonec se ale jedna jedin\u00e1 hol\u010di\u010dka rozhodla, \u017ee tu prost\u011b bude \u2013 a tak p\u0159i\u0161la na sv\u011bt Dorotka.<\/p>\n\n\n\n<p>U\u017e od prvn\u00edho dne jsme v\u011bd\u011bli, \u017ee z\u016fstane doma. Bylo to jasn\u00e9, ani jsme to nemuseli vyslovit nahlas. Dorotka je sou\u010d\u00e1st\u00ed na\u0161\u00ed sme\u010dky i na\u0161eho srdce.<\/p>\n\n\n\n<p>Podzim roku 2025 pro n\u00e1s byl velmi n\u00e1ro\u010dn\u00fd \u2013 Dorotka prod\u011blala v\u00e1\u017en\u00fd \u00faraz hlavy, musela b\u00fdt hospitalizovan\u00e1 a bojovala o \u017eivot. D\u00edky obrovsk\u00e9 podpo\u0159e lid\u00ed kolem n\u00e1s a sb\u00edrce na Donio jsme j\u00ed mohli dop\u0159\u00e1t tu nejlep\u0161\u00ed mo\u017enou p\u00e9\u010di. Dnes je Dorotka op\u011bt vesel\u00e1, hrav\u00e1 a u\u017e\u00edv\u00e1 si \u017eivot naplno. Je\u0161t\u011b n\u00e1s \u010dekaj\u00ed n\u011bkter\u00e1 vy\u0161et\u0159en\u00ed, ale jej\u00ed s\u00edla a chu\u0165 do \u017eivota jsou neuv\u011b\u0159iteln\u00e9.<\/p>\n\n\n\n<p>Dorotka je mil\u00e1, kontaktn\u00ed a velmi \u0161ikovn\u00e1 holka, kter\u00e1 n\u00e1m ka\u017ed\u00fd den p\u0159ipom\u00edn\u00e1, jak velk\u00fd bojovn\u00edk se m\u016f\u017ee skr\u00fdvat v mal\u00e9m \u0161t\u011bn\u011bti.<\/p>\n\n\n\n<p>V roce 2026 ji je\u0161t\u011b \u010dek\u00e1 vy\u0161et\u0159en\u00ed oka a krevn\u00ed testy, kter\u00e9 n\u00e1m uk\u00e1\u017eou, jak moc ji cel\u00fd tento n\u00e1ro\u010dn\u00fd start do \u017eivota poznamenal. Teprve \u010das uk\u00e1\u017ee, zda bude v\u016fbec vhodn\u00e1 do chovu.<\/p>\n\n\n\n<p>Ale a\u0165 u\u017e v\u00fdsledky dopadnou jakkoliv, na jednom se nic nem\u011bn\u00ed \u2013 Dorotka z\u016fst\u00e1v\u00e1 doma. Je to na\u0161e holka, na\u0161e bojovnice a \u010dlen na\u0161\u00ed rodiny.<\/p>\n\n\n\n<figure class=\"wp-block-gallery has-nested-images columns-default is-cropped wp-block-gallery-3 is-layout-flex\"><div class=\"wp-block-image\">\n<figure class=\"aligncenter size-large\"><a href=\"https:\/\/www.sweetbazl.cz\/wp-content\/uploads\/2026\/02\/IMG_7837-scaled.jpg\"><img decoding=\"async\" loading=\"lazy\" width=\"1024\" height=\"666\" data-id=\"595\"  src=\"https:\/\/www.sweetbazl.cz\/wp-content\/uploads\/2026\/02\/IMG_7837-1024x666.jpg\" alt=\"\" class=\"wp-image-595\" srcset=\"https:\/\/www.sweetbazl.cz\/wp-content\/uploads\/2026\/02\/IMG_7837-1024x666.jpg 1024w, https:\/\/www.sweetbazl.cz\/wp-content\/uploads\/2026\/02\/IMG_7837-300x195.jpg 300w, https:\/\/www.sweetbazl.cz\/wp-content\/uploads\/2026\/02\/IMG_7837-768x500.jpg 768w, https:\/\/www.sweetbazl.cz\/wp-content\/uploads\/2026\/02\/IMG_7837-1536x1000.jpg 1536w, https:\/\/www.sweetbazl.cz\/wp-content\/uploads\/2026\/02\/IMG_7837-2048x1333.jpg 2048w, https:\/\/www.sweetbazl.cz\/wp-content\/uploads\/2026\/02\/IMG_7837-1140x742.jpg 1140w\" sizes=\"(max-width: 1024px) 100vw, 1024px\" \/><\/a><\/figure><\/div><\/figure>\n\n\n\n<hr class=\"wp-block-separator has-alpha-channel-opacity\"\/>\n","protected":false},"excerpt":{"rendered":"<p>Dorotka Sweet Bazl Narozen\u00e1: 5. 6. 2025 Dorotka je na\u0161e mal\u00e1 bojovnice a doslova z\u00e1zrak. Narodila se jako jedin\u00e9 \u0161t\u011b\u0148\u00e1tko na\u0161\u00ed Nesse, kdy\u017e b\u0159ezost nebyla v\u016fbec jednoduch\u00e1 a dlouho to vypadalo, \u017ee se \u017e\u00e1dn\u00e9 \u0161t\u011b\u0148\u00e1tko neudr\u017e\u00ed. Nakonec se ale jedna jedin\u00e1 hol\u010di\u010dka rozhodla, \u017ee tu prost\u011b bude \u2013 a tak p\u0159i\u0161la na sv\u011bt Dorotka. U\u017e<span class=\"excerpt-ellipsis\">&#8230;<\/span><\/p>\n<p><a class=\"more-link\" href=\"https:\/\/www.sweetbazl.cz\/?page_id=594\" itemprop=\"url\">Continue Reading<\/a><\/p>\n","protected":false},"author":1,"featured_media":0,"parent":0,"menu_order":0,"comment_status":"closed","ping_status":"closed","template":"","meta":[],"_links":{"self":[{"href":"https:\/\/www.sweetbazl.cz\/index.php?rest_route=\/wp\/v2\/pages\/594"}],"collection":[{"href":"https:\/\/www.sweetbazl.cz\/index.php?rest_route=\/wp\/v2\/pages"}],"about":[{"href":"https:\/\/www.sweetbazl.cz\/index.php?rest_route=\/wp\/v2\/types\/page"}],"author":[{"embeddable":true,"href":"https:\/\/www.sweetbazl.cz\/index.php?rest_route=\/wp\/v2\/users\/1"}],"replies":[{"embeddable":true,"href":"https:\/\/www.sweetbazl.cz\/index.php?rest_route=%2Fwp%2Fv2%2Fcomments&post=594"}],"version-history":[{"count":1,"href":"https:\/\/www.sweetbazl.cz\/index.php?rest_route=\/wp\/v2\/pages\/594\/revisions"}],"predecessor-version":[{"id":599,"href":"https:\/\/www.sweetbazl.cz\/index.php?rest_route=\/wp\/v2\/pages\/594\/revisions\/599"}],"wp:attachment":[{"href":"https:\/\/www.sweetbazl.cz\/index.php?rest_route=%2Fwp%2Fv2%2Fmedia&parent=594"}],"curies":[{"name":"wp","href":"https:\/\/api.w.org\/{rel}","templated":true}]}}